{"id":9382,"date":"2024-10-21T16:24:49","date_gmt":"2024-10-21T16:24:49","guid":{"rendered":"https:\/\/noxgroup.us\/?page_id=9382"},"modified":"2024-11-14T21:52:21","modified_gmt":"2024-11-14T21:52:21","slug":"vto-signup","status":"publish","type":"page","link":"https:\/\/noxgroup.us\/es\/vto-signup\/","title":{"rendered":"VTO Signup &#8211; Salvation Army Warehouse Dec 16th &#8211; 18th"},"content":{"rendered":"<div data-elementor-type=\"wp-page\" data-elementor-id=\"9382\" class=\"elementor elementor-9382\" data-elementor-post-type=\"page\">\n\t\t\t\t<div data-dce-background-overlay-image-url=\"https:\/\/noxgroup.us\/wp-content\/uploads\/2024\/10\/christmas-tree-2.png\" class=\"elementor-element elementor-element-ce668f5 e-flex e-con-boxed e-con e-child\" data-id=\"ce668f5\" data-element_type=\"container\" data-e-type=\"container\" data-settings=\"{&quot;background_background&quot;:&quot;classic&quot;,&quot;animation&quot;:&quot;none&quot;,&quot;_ob_use_container_extras&quot;:&quot;no&quot;,&quot;_ob_column_hoveranimator&quot;:&quot;no&quot;,&quot;_ob_glider_is_slider&quot;:&quot;no&quot;,&quot;_ob_column_has_pseudo&quot;:&quot;no&quot;}\">\n\t\t\t\t\t<div class=\"e-con-inner\">\n\t\t\t\t<div class=\"elementor-element elementor-element-8c77263 elementor-fixed ob-has-background-overlay elementor-widget elementor-widget-image\" data-id=\"8c77263\" data-element_type=\"widget\" data-e-type=\"widget\" data-settings=\"{&quot;_position&quot;:&quot;fixed&quot;,&quot;_ob_photomorph_use&quot;:&quot;no&quot;,&quot;_ob_widget_stalker_use&quot;:&quot;no&quot;,&quot;_ob_poopart_use&quot;:&quot;yes&quot;,&quot;_ob_shadough_use&quot;:&quot;no&quot;,&quot;_ob_allow_hoveranimator&quot;:&quot;no&quot;}\" data-widget_type=\"image.default\">\n\t\t\t\t<div class=\"elementor-widget-container\">\n\t\t\t\t\t\t\t\t\t\t\t\t\t\t\t<img fetchpriority=\"high\" decoding=\"async\" width=\"723\" height=\"1024\" src=\"https:\/\/noxgroup.us\/wp-content\/uploads\/2024\/10\/left_tree_bg-723x1024.png\" class=\"attachment-large size-large wp-image-9355\" alt=\"\" srcset=\"https:\/\/noxgroup.us\/wp-content\/uploads\/2024\/10\/left_tree_bg-723x1024.png 723w, https:\/\/noxgroup.us\/wp-content\/uploads\/2024\/10\/left_tree_bg-212x300.png 212w, https:\/\/noxgroup.us\/wp-content\/uploads\/2024\/10\/left_tree_bg-768x1088.png 768w, https:\/\/noxgroup.us\/wp-content\/uploads\/2024\/10\/left_tree_bg.png 944w\" sizes=\"(max-width: 723px) 100vw, 723px\" \/>\t\t\t\t\t\t\t\t\t\t\t\t\t\t\t<\/div>\n\t\t\t\t<\/div>\n\t\t\t\t<div class=\"elementor-element elementor-element-94027e0 elementor-fixed elementor-hidden-mobile ob-has-background-overlay elementor-widget elementor-widget-image\" data-id=\"94027e0\" data-element_type=\"widget\" data-e-type=\"widget\" data-settings=\"{&quot;_position&quot;:&quot;fixed&quot;,&quot;_ob_photomorph_use&quot;:&quot;no&quot;,&quot;_ob_widget_stalker_use&quot;:&quot;no&quot;,&quot;_ob_poopart_use&quot;:&quot;yes&quot;,&quot;_ob_shadough_use&quot;:&quot;no&quot;,&quot;_ob_allow_hoveranimator&quot;:&quot;no&quot;}\" data-widget_type=\"image.default\">\n\t\t\t\t<div class=\"elementor-widget-container\">\n\t\t\t\t\t\t\t\t\t\t\t\t\t\t\t<img decoding=\"async\" width=\"723\" height=\"1024\" src=\"https:\/\/noxgroup.us\/wp-content\/uploads\/2024\/10\/rgt_tree_bg-723x1024.png\" class=\"attachment-large size-large wp-image-9356\" alt=\"\" srcset=\"https:\/\/noxgroup.us\/wp-content\/uploads\/2024\/10\/rgt_tree_bg-723x1024.png 723w, https:\/\/noxgroup.us\/wp-content\/uploads\/2024\/10\/rgt_tree_bg-212x300.png 212w, https:\/\/noxgroup.us\/wp-content\/uploads\/2024\/10\/rgt_tree_bg-768x1088.png 768w, https:\/\/noxgroup.us\/wp-content\/uploads\/2024\/10\/rgt_tree_bg.png 944w\" sizes=\"(max-width: 723px) 100vw, 723px\" \/>\t\t\t\t\t\t\t\t\t\t\t\t\t\t\t<\/div>\n\t\t\t\t<\/div>\n\t\t\t\t<div class=\"elementor-element elementor-element-d3a5f7d ob-has-background-overlay elementor-widget elementor-widget-image\" data-id=\"d3a5f7d\" data-element_type=\"widget\" data-e-type=\"widget\" data-settings=\"{&quot;_ob_photomorph_use&quot;:&quot;no&quot;,&quot;_ob_widget_stalker_use&quot;:&quot;no&quot;,&quot;_ob_poopart_use&quot;:&quot;yes&quot;,&quot;_ob_shadough_use&quot;:&quot;no&quot;,&quot;_ob_allow_hoveranimator&quot;:&quot;no&quot;}\" data-widget_type=\"image.default\">\n\t\t\t\t<div class=\"elementor-widget-container\">\n\t\t\t\t\t\t\t\t\t\t\t\t\t\t\t<img decoding=\"async\" width=\"600\" height=\"194\" src=\"https:\/\/noxgroup.us\/wp-content\/uploads\/2023\/05\/ng_logo_new.png\" class=\"attachment-large size-large wp-image-4079\" alt=\"Nox Group\" srcset=\"https:\/\/noxgroup.us\/wp-content\/uploads\/2023\/05\/ng_logo_new.png 600w, https:\/\/noxgroup.us\/wp-content\/uploads\/2023\/05\/ng_logo_new-300x97.png 300w\" sizes=\"(max-width: 600px) 100vw, 600px\" \/>\t\t\t\t\t\t\t\t\t\t\t\t\t\t\t<\/div>\n\t\t\t\t<\/div>\n\t\t\t\t<div class=\"elementor-element elementor-element-0620e65 ob-has-background-overlay elementor-widget elementor-widget-image\" data-id=\"0620e65\" data-element_type=\"widget\" data-e-type=\"widget\" data-settings=\"{&quot;_ob_photomorph_use&quot;:&quot;no&quot;,&quot;_ob_widget_stalker_use&quot;:&quot;no&quot;,&quot;_ob_poopart_use&quot;:&quot;yes&quot;,&quot;_ob_shadough_use&quot;:&quot;no&quot;,&quot;_ob_allow_hoveranimator&quot;:&quot;no&quot;}\" data-widget_type=\"image.default\">\n\t\t\t\t<div class=\"elementor-widget-container\">\n\t\t\t\t\t\t\t\t\t\t\t\t\t\t\t<img loading=\"lazy\" decoding=\"async\" width=\"250\" height=\"295\" src=\"https:\/\/noxgroup.us\/wp-content\/uploads\/2024\/10\/The_Salvation_Army.png\" class=\"attachment-large size-large wp-image-9361\" alt=\"\" \/>\t\t\t\t\t\t\t\t\t\t\t\t\t\t\t<\/div>\n\t\t\t\t<\/div>\n\t\t\t\t<div data-dce-text-color=\"#FFFFFF\" class=\"elementor-element elementor-element-47f264b ob-harakiri-inherit ob-has-background-overlay elementor-widget elementor-widget-text-editor\" data-id=\"47f264b\" data-element_type=\"widget\" data-e-type=\"widget\" data-settings=\"{&quot;_ob_use_harakiri&quot;:&quot;yes&quot;,&quot;_ob_harakiri_writing_mode&quot;:&quot;inherit&quot;,&quot;_ob_postman_use&quot;:&quot;no&quot;,&quot;_ob_widget_stalker_use&quot;:&quot;no&quot;,&quot;_ob_poopart_use&quot;:&quot;yes&quot;,&quot;_ob_shadough_use&quot;:&quot;no&quot;,&quot;_ob_allow_hoveranimator&quot;:&quot;no&quot;}\" data-widget_type=\"text-editor.default\">\n\t\t\t\t<div class=\"elementor-widget-container\">\n\t\t\t\t\t\t\t\t\tEmpaque bolsas de juguetes en el almac\u00e9n del Ej\u00e9rcito de Salvaci\u00f3n\t\t\t\t\t\t\t\t<\/div>\n\t\t\t\t<\/div>\n\t\t<div class=\"elementor-element elementor-element-59493ae e-grid e-con-full e-con e-child\" data-id=\"59493ae\" data-element_type=\"container\" data-e-type=\"container\" data-settings=\"{&quot;_ob_use_container_extras&quot;:&quot;no&quot;,&quot;_ob_column_hoveranimator&quot;:&quot;no&quot;,&quot;_ob_glider_is_slider&quot;:&quot;no&quot;,&quot;_ob_column_has_pseudo&quot;:&quot;no&quot;}\">\n\t\t\t\t<div class=\"elementor-element elementor-element-c4dcf6e ob-harakiri-inherit ob-has-background-overlay elementor-widget elementor-widget-text-editor\" data-id=\"c4dcf6e\" data-element_type=\"widget\" data-e-type=\"widget\" data-settings=\"{&quot;_ob_use_harakiri&quot;:&quot;yes&quot;,&quot;_ob_harakiri_writing_mode&quot;:&quot;inherit&quot;,&quot;_ob_postman_use&quot;:&quot;no&quot;,&quot;_ob_widget_stalker_use&quot;:&quot;no&quot;,&quot;_ob_poopart_use&quot;:&quot;yes&quot;,&quot;_ob_shadough_use&quot;:&quot;no&quot;,&quot;_ob_allow_hoveranimator&quot;:&quot;no&quot;}\" data-widget_type=\"text-editor.default\">\n\t\t\t\t<div class=\"elementor-widget-container\">\n\t\t\t\t\t\t\t\t\t<p>Fecha: 16-19 de diciembre de 2024<br \/>Hora: 5-9 pm<\/p>\t\t\t\t\t\t\t\t<\/div>\n\t\t\t\t<\/div>\n\t\t\t\t<div class=\"elementor-element elementor-element-b69d443 ob-harakiri-inherit ob-has-background-overlay elementor-widget elementor-widget-text-editor\" data-id=\"b69d443\" data-element_type=\"widget\" data-e-type=\"widget\" data-settings=\"{&quot;_ob_use_harakiri&quot;:&quot;yes&quot;,&quot;_ob_harakiri_writing_mode&quot;:&quot;inherit&quot;,&quot;_ob_postman_use&quot;:&quot;no&quot;,&quot;_ob_widget_stalker_use&quot;:&quot;no&quot;,&quot;_ob_poopart_use&quot;:&quot;yes&quot;,&quot;_ob_shadough_use&quot;:&quot;no&quot;,&quot;_ob_allow_hoveranimator&quot;:&quot;no&quot;}\" data-widget_type=\"text-editor.default\">\n\t\t\t\t<div class=\"elementor-widget-container\">\n\t\t\t\t\t\t\t\t\t<p>15 voluntarios cada noche<\/p>\t\t\t\t\t\t\t\t<\/div>\n\t\t\t\t<\/div>\n\t\t\t\t<div class=\"elementor-element elementor-element-9914629 ob-harakiri-inherit ob-has-background-overlay elementor-widget elementor-widget-text-editor\" data-id=\"9914629\" data-element_type=\"widget\" data-e-type=\"widget\" data-settings=\"{&quot;_ob_use_harakiri&quot;:&quot;yes&quot;,&quot;_ob_harakiri_writing_mode&quot;:&quot;inherit&quot;,&quot;_ob_postman_use&quot;:&quot;no&quot;,&quot;_ob_widget_stalker_use&quot;:&quot;no&quot;,&quot;_ob_poopart_use&quot;:&quot;yes&quot;,&quot;_ob_shadough_use&quot;:&quot;no&quot;,&quot;_ob_allow_hoveranimator&quot;:&quot;no&quot;}\" data-widget_type=\"text-editor.default\">\n\t\t\t\t<div class=\"elementor-widget-container\">\n\t\t\t\t\t\t\t\t\tDirecci\u00f3n: 2702 E. Washington St. Phoenix, AZ 85034\t\t\t\t\t\t\t\t<\/div>\n\t\t\t\t<\/div>\n\t\t\t\t<\/div>\n\t\t\t\t<div data-dce-text-color=\"#FFFFFF\" class=\"elementor-element elementor-element-221f16f toptext ob-harakiri-inherit ob-has-background-overlay elementor-widget elementor-widget-text-editor\" data-id=\"221f16f\" data-element_type=\"widget\" data-e-type=\"widget\" data-settings=\"{&quot;_ob_use_harakiri&quot;:&quot;yes&quot;,&quot;_ob_harakiri_writing_mode&quot;:&quot;inherit&quot;,&quot;_ob_postman_use&quot;:&quot;no&quot;,&quot;_ob_widget_stalker_use&quot;:&quot;no&quot;,&quot;_ob_poopart_use&quot;:&quot;yes&quot;,&quot;_ob_shadough_use&quot;:&quot;no&quot;,&quot;_ob_allow_hoveranimator&quot;:&quot;no&quot;}\" data-widget_type=\"text-editor.default\">\n\t\t\t\t<div class=\"elementor-widget-container\">\n\t\t\t\t\t\t\t\t\tHorarios de inscripci\u00f3n a continuaci\u00f3n\t\t\t\t\t\t\t\t<\/div>\n\t\t\t\t<\/div>\n\t\t\t\t<div class=\"elementor-element elementor-element-95a3004 ob-has-background-overlay elementor-widget elementor-widget-html\" data-id=\"95a3004\" data-element_type=\"widget\" data-e-type=\"widget\" data-settings=\"{&quot;_ob_widget_stalker_use&quot;:&quot;no&quot;,&quot;_ob_poopart_use&quot;:&quot;yes&quot;,&quot;_ob_shadough_use&quot;:&quot;no&quot;,&quot;_ob_allow_hoveranimator&quot;:&quot;no&quot;}\" data-widget_type=\"html.default\">\n\t\t\t\t<div class=\"elementor-widget-container\">\n\t\t\t\t\t<script type=\"text\/javascript\" src=\"https:\/\/assets.calendly.com\/assets\/external\/widget.js\"><\/script>\r\n \r\n\r\n<div class=\"calendly-inline-widget\"\r\ndata-url=\"https:\/\/calendly.com\/ngheadshots\/vto-salvation-army?month=2024-12\"\r\ndata-resize=\"true\"\r\nstyle=\"min-width:320px;height:700px;\">\r\n<\/div>\t\t\t\t<\/div>\n\t\t\t\t<\/div>\n\t\t\t\t\t<\/div>\n\t\t\t\t<\/div>\n\t\t\t\t<\/div>","protected":false},"excerpt":{"rendered":"<p>Pack toy bags at the Salvation Army warehouse Date: Dec 16-19th 2024Time: 5-9 pm 15 volunteers each night Address: 2702 E. Washington St. Phoenix, AZ 85034Sign Up Times Below<\/p>","protected":false},"author":1,"featured_media":0,"parent":0,"menu_order":0,"comment_status":"closed","ping_status":"closed","template":"elementor_header_footer","meta":{"_acf_changed":false,"_monsterinsights_skip_tracking":false,"_monsterinsights_sitenote_active":false,"_monsterinsights_sitenote_note":"","_monsterinsights_sitenote_category":0,"site-sidebar-layout":"no-sidebar","site-content-layout":"page-builder","ast-site-content-layout":"full-width-container","site-content-style":"default","site-sidebar-style":"default","ast-global-header-display":"","ast-banner-title-visibility":"","ast-main-header-display":"","ast-hfb-above-header-display":"","ast-hfb-below-header-display":"","ast-hfb-mobile-header-display":"","site-post-title":"disabled","ast-breadcrumbs-content":"","ast-featured-img":"disabled","footer-sml-layout":"","ast-disable-related-posts":"","theme-transparent-header-meta":"","adv-header-id-meta":"","stick-header-meta":"","header-above-stick-meta":"","header-main-stick-meta":"","header-below-stick-meta":"","astra-migrate-meta-layouts":"set","ast-page-background-enabled":"default","ast-page-background-meta":{"desktop":{"background-color":"var(--ast-global-color-4)","background-image":"","background-repeat":"repeat","background-position":"center center","background-size":"auto","background-attachment":"scroll","background-type":"","background-media":"","overlay-type":"","overlay-color":"","overlay-opacity":"","overlay-gradient":""},"tablet":{"background-color":"","background-image":"","background-repeat":"repeat","background-position":"center center","background-size":"auto","background-attachment":"scroll","background-type":"","background-media":"","overlay-type":"","overlay-color":"","overlay-opacity":"","overlay-gradient":""},"mobile":{"background-color":"","background-image":"","background-repeat":"repeat","background-position":"center center","background-size":"auto","background-attachment":"scroll","background-type":"","background-media":"","overlay-type":"","overlay-color":"","overlay-opacity":"","overlay-gradient":""}},"ast-content-background-meta":{"desktop":{"background-color":"var(--ast-global-color-5)","background-image":"","background-repeat":"repeat","background-position":"center center","background-size":"auto","background-attachment":"scroll","background-type":"","background-media":"","overlay-type":"","overlay-color":"","overlay-opacity":"","overlay-gradient":""},"tablet":{"background-color":"var(--ast-global-color-5)","background-image":"","background-repeat":"repeat","background-position":"center center","background-size":"auto","background-attachment":"scroll","background-type":"","background-media":"","overlay-type":"","overlay-color":"","overlay-opacity":"","overlay-gradient":""},"mobile":{"background-color":"var(--ast-global-color-5)","background-image":"","background-repeat":"repeat","background-position":"center center","background-size":"auto","background-attachment":"scroll","background-type":"","background-media":"","overlay-type":"","overlay-color":"","overlay-opacity":"","overlay-gradient":""}},"footnotes":""},"class_list":["post-9382","page","type-page","status-publish","hentry"],"acf":[],"yoast_head":"<!-- This site is optimized with the Yoast SEO plugin v27.4 - https:\/\/yoast.com\/product\/yoast-seo-wordpress\/ -->\n<title>VTO - Nox Group Volunteers with the Salvation Army<\/title>\n<meta name=\"description\" content=\"We have partnered with The Salvation Army to offer volunteer opportunities for all Nox Group employees.\" \/>\n<meta name=\"robots\" content=\"index, follow, max-snippet:-1, max-image-preview:large, max-video-preview:-1\" \/>\n<link rel=\"canonical\" href=\"https:\/\/noxgroup.us\/es\/vto-signup\/\" \/>\n<meta name=\"twitter:card\" content=\"summary_large_image\" \/>\n<meta name=\"twitter:title\" content=\"VTO - Nox Group Volunteers with the Salvation Army\" \/>\n<meta name=\"twitter:description\" content=\"We have partnered with The Salvation Army to offer volunteer opportunities for all Nox Group employees.\" \/>\n<meta name=\"twitter:image\" content=\"https:\/\/noxgroup.us\/wp-content\/uploads\/2024\/10\/left_tree_bg.png\" \/>\n<meta name=\"twitter:label1\" content=\"Tiempo de lectura\" \/>\n\t<meta name=\"twitter:data1\" content=\"1 minuto\" \/>\n<!-- \/ Yoast SEO plugin. -->","yoast_head_json":{"title":"VTO - Nox Group Volunteers with the Salvation Army","description":"We have partnered with The Salvation Army to offer volunteer opportunities for all Nox Group employees.","robots":{"index":"index","follow":"follow","max-snippet":"max-snippet:-1","max-image-preview":"max-image-preview:large","max-video-preview":"max-video-preview:-1"},"canonical":"https:\/\/noxgroup.us\/es\/vto-signup\/","twitter_card":"summary_large_image","twitter_title":"VTO - Nox Group Volunteers with the Salvation Army","twitter_description":"We have partnered with The Salvation Army to offer volunteer opportunities for all Nox Group employees.","twitter_image":"https:\/\/noxgroup.us\/wp-content\/uploads\/2024\/10\/left_tree_bg.png","twitter_misc":{"Tiempo de lectura":"1 minuto"},"schema":{"@context":"https:\/\/schema.org","@graph":[{"@type":"WebPage","@id":"https:\/\/noxgroup.us\/vto-signup\/","url":"https:\/\/noxgroup.us\/vto-signup\/","name":"VTO - Nox Group Volunteers with the Salvation Army","isPartOf":{"@id":"https:\/\/noxgroup.us\/#website"},"primaryImageOfPage":{"@id":"https:\/\/noxgroup.us\/vto-signup\/#primaryimage"},"image":{"@id":"https:\/\/noxgroup.us\/vto-signup\/#primaryimage"},"thumbnailUrl":"https:\/\/noxgroup.us\/wp-content\/uploads\/2024\/10\/left_tree_bg-723x1024.png","datePublished":"2024-10-21T16:24:49+00:00","dateModified":"2024-11-14T21:52:21+00:00","description":"We have partnered with The Salvation Army to offer volunteer opportunities for all Nox Group employees.","breadcrumb":{"@id":"https:\/\/noxgroup.us\/vto-signup\/#breadcrumb"},"inLanguage":"es","potentialAction":[{"@type":"ReadAction","target":["https:\/\/noxgroup.us\/vto-signup\/"]}]},{"@type":"ImageObject","inLanguage":"es","@id":"https:\/\/noxgroup.us\/vto-signup\/#primaryimage","url":"https:\/\/noxgroup.us\/wp-content\/uploads\/2024\/10\/left_tree_bg-723x1024.png","contentUrl":"https:\/\/noxgroup.us\/wp-content\/uploads\/2024\/10\/left_tree_bg-723x1024.png"},{"@type":"BreadcrumbList","@id":"https:\/\/noxgroup.us\/vto-signup\/#breadcrumb","itemListElement":[{"@type":"ListItem","position":1,"name":"Home","item":"https:\/\/noxgroup.us\/"},{"@type":"ListItem","position":2,"name":"VTO Signup &#8211; Salvation Army Warehouse Dec 16th &#8211; 18th"}]},{"@type":"WebSite","@id":"https:\/\/noxgroup.us\/#website","url":"https:\/\/noxgroup.us\/","name":"Grupo Nox","description":"Humanizando la construcci\u00f3n","publisher":{"@id":"https:\/\/noxgroup.us\/#organization"},"potentialAction":[{"@type":"SearchAction","target":{"@type":"EntryPoint","urlTemplate":"https:\/\/noxgroup.us\/?s={search_term_string}"},"query-input":{"@type":"PropertyValueSpecification","valueRequired":true,"valueName":"search_term_string"}}],"inLanguage":"es"},{"@type":"Organization","@id":"https:\/\/noxgroup.us\/#organization","name":"Grupo Nox","url":"https:\/\/noxgroup.us\/","logo":{"@type":"ImageObject","inLanguage":"es","@id":"https:\/\/noxgroup.us\/#\/schema\/logo\/image\/","url":"https:\/\/noxgroup.us\/wp-content\/uploads\/2022\/01\/512.png","contentUrl":"https:\/\/noxgroup.us\/wp-content\/uploads\/2022\/01\/512.png","width":512,"height":512,"caption":"Nox Group"},"image":{"@id":"https:\/\/noxgroup.us\/#\/schema\/logo\/image\/"},"sameAs":["https:\/\/www.linkedin.com\/company\/nox-group-companies-llc"]}]}},"_links":{"self":[{"href":"https:\/\/noxgroup.us\/es\/wp-json\/wp\/v2\/pages\/9382","targetHints":{"allow":["GET"]}}],"collection":[{"href":"https:\/\/noxgroup.us\/es\/wp-json\/wp\/v2\/pages"}],"about":[{"href":"https:\/\/noxgroup.us\/es\/wp-json\/wp\/v2\/types\/page"}],"author":[{"embeddable":true,"href":"https:\/\/noxgroup.us\/es\/wp-json\/wp\/v2\/users\/1"}],"replies":[{"embeddable":true,"href":"https:\/\/noxgroup.us\/es\/wp-json\/wp\/v2\/comments?post=9382"}],"version-history":[{"count":80,"href":"https:\/\/noxgroup.us\/es\/wp-json\/wp\/v2\/pages\/9382\/revisions"}],"predecessor-version":[{"id":9907,"href":"https:\/\/noxgroup.us\/es\/wp-json\/wp\/v2\/pages\/9382\/revisions\/9907"}],"wp:attachment":[{"href":"https:\/\/noxgroup.us\/es\/wp-json\/wp\/v2\/media?parent=9382"}],"curies":[{"name":"gracias","href":"https:\/\/api.w.org\/{rel}","templated":true}]}}