{"id":5980,"date":"2024-04-24T16:33:43","date_gmt":"2024-04-24T16:33:43","guid":{"rendered":"https:\/\/noxgroup.us\/?page_id=5980"},"modified":"2025-11-13T17:20:12","modified_gmt":"2025-11-13T17:20:12","slug":"culture","status":"publish","type":"page","link":"https:\/\/noxgroup.us\/es\/culture\/","title":{"rendered":"Cultura"},"content":{"rendered":"<div data-elementor-type=\"wp-page\" data-elementor-id=\"5980\" class=\"elementor elementor-5980\" data-elementor-post-type=\"page\">\n\t\t\t\t<div class=\"elementor-element elementor-element-ef385fc e-con-full e-flex e-con e-parent\" data-id=\"ef385fc\" data-element_type=\"container\" data-e-type=\"container\" data-settings=\"{&quot;background_background&quot;:&quot;classic&quot;,&quot;_ob_use_container_extras&quot;:&quot;no&quot;,&quot;_ob_column_hoveranimator&quot;:&quot;no&quot;,&quot;_ob_glider_is_slider&quot;:&quot;no&quot;,&quot;_ob_column_has_pseudo&quot;:&quot;no&quot;}\">\n\t\t\t\t<div class=\"elementor-element elementor-element-4635b1a ob-has-background-overlay elementor-widget elementor-widget-image\" data-id=\"4635b1a\" data-element_type=\"widget\" data-e-type=\"widget\" data-settings=\"{&quot;_ob_photomorph_use&quot;:&quot;no&quot;,&quot;_ob_widget_stalker_use&quot;:&quot;no&quot;,&quot;_ob_poopart_use&quot;:&quot;yes&quot;,&quot;_ob_shadough_use&quot;:&quot;no&quot;,&quot;_ob_allow_hoveranimator&quot;:&quot;no&quot;}\" data-widget_type=\"image.default\">\n\t\t\t\t<div class=\"elementor-widget-container\">\n\t\t\t\t\t\t\t\t\t\t\t\t\t\t\t\t<a href=\"https:\/\/noxgroup.us\/\">\n\t\t\t\t\t\t\t<img fetchpriority=\"high\" decoding=\"async\" width=\"600\" height=\"194\" src=\"https:\/\/noxgroup.us\/wp-content\/uploads\/2023\/05\/ng_logo_new.png\" class=\"attachment-large size-large wp-image-4079\" alt=\"Nox Group\" srcset=\"https:\/\/noxgroup.us\/wp-content\/uploads\/2023\/05\/ng_logo_new.png 600w, https:\/\/noxgroup.us\/wp-content\/uploads\/2023\/05\/ng_logo_new-300x97.png 300w\" sizes=\"(max-width: 600px) 100vw, 600px\" \/>\t\t\t\t\t\t\t\t<\/a>\n\t\t\t\t\t\t\t\t\t\t\t\t\t\t\t<\/div>\n\t\t\t\t<\/div>\n\t\t\t\t<div class=\"elementor-element elementor-element-996391a ob-has-background-overlay elementor-widget elementor-widget-spacer\" data-id=\"996391a\" data-element_type=\"widget\" data-e-type=\"widget\" data-settings=\"{&quot;_ob_spacerat_use&quot;:&quot;no&quot;,&quot;_ob_widget_stalker_use&quot;:&quot;no&quot;,&quot;_ob_poopart_use&quot;:&quot;yes&quot;,&quot;_ob_shadough_use&quot;:&quot;no&quot;,&quot;_ob_allow_hoveranimator&quot;:&quot;no&quot;}\" data-widget_type=\"spacer.default\">\n\t\t\t\t<div class=\"elementor-widget-container\">\n\t\t\t\t\t\t\t<div class=\"elementor-spacer\">\n\t\t\t<div class=\"elementor-spacer-inner\"><\/div>\n\t\t<\/div>\n\t\t\t\t\t\t<\/div>\n\t\t\t\t<\/div>\n\t\t\t\t<div class=\"elementor-element elementor-element-ced90b9 ob-has-background-overlay elementor-widget elementor-widget-image\" data-id=\"ced90b9\" data-element_type=\"widget\" data-e-type=\"widget\" data-settings=\"{&quot;_ob_photomorph_use&quot;:&quot;no&quot;,&quot;_ob_widget_stalker_use&quot;:&quot;no&quot;,&quot;_ob_poopart_use&quot;:&quot;yes&quot;,&quot;_ob_shadough_use&quot;:&quot;no&quot;,&quot;_ob_allow_hoveranimator&quot;:&quot;no&quot;}\" data-widget_type=\"image.default\">\n\t\t\t\t<div class=\"elementor-widget-container\">\n\t\t\t\t\t\t\t\t\t\t\t\t\t\t\t<img decoding=\"async\" width=\"342\" height=\"50\" src=\"https:\/\/noxgroup.us\/wp-content\/uploads\/2024\/06\/title_ng_culture.png\" class=\"attachment-large size-large wp-image-6432\" alt=\"\" srcset=\"https:\/\/noxgroup.us\/wp-content\/uploads\/2024\/06\/title_ng_culture.png 342w, https:\/\/noxgroup.us\/wp-content\/uploads\/2024\/06\/title_ng_culture-300x44.png 300w\" sizes=\"(max-width: 342px) 100vw, 342px\" \/>\t\t\t\t\t\t\t\t\t\t\t\t\t\t\t<\/div>\n\t\t\t\t<\/div>\n\t\t<div class=\"elementor-element elementor-element-9033bf4 e-flex e-con-boxed e-con e-child\" data-id=\"9033bf4\" data-element_type=\"container\" data-e-type=\"container\" data-settings=\"{&quot;_ob_use_container_extras&quot;:&quot;no&quot;,&quot;_ob_column_hoveranimator&quot;:&quot;no&quot;,&quot;_ob_glider_is_slider&quot;:&quot;no&quot;,&quot;_ob_column_has_pseudo&quot;:&quot;no&quot;}\">\n\t\t\t\t\t<div class=\"e-con-inner\">\n\t\t\t\t<div class=\"elementor-element elementor-element-4b018e1 ob-harakiri-inherit ob-has-background-overlay elementor-widget elementor-widget-text-editor\" data-id=\"4b018e1\" data-element_type=\"widget\" data-e-type=\"widget\" data-settings=\"{&quot;_ob_use_harakiri&quot;:&quot;yes&quot;,&quot;_ob_harakiri_writing_mode&quot;:&quot;inherit&quot;,&quot;_ob_postman_use&quot;:&quot;no&quot;,&quot;_ob_widget_stalker_use&quot;:&quot;no&quot;,&quot;_ob_poopart_use&quot;:&quot;yes&quot;,&quot;_ob_shadough_use&quot;:&quot;no&quot;,&quot;_ob_allow_hoveranimator&quot;:&quot;no&quot;}\" data-widget_type=\"text-editor.default\">\n\t\t\t\t<div class=\"elementor-widget-container\">\n\t\t\t\t\t\t\t\t\t<div class=\"ql-block\" data-block-id=\"block-11b497fd-33fd-4674-8ccb-9070e7b270a3\"><p><img decoding=\"async\" class=\"wp-image-5983 alignright\" src=\"https:\/\/noxgroup.us\/wp-content\/uploads\/2024\/04\/BeAboutIt_WhiteGold-2-203x300.png\" alt=\"\" width=\"107\" height=\"159\" srcset=\"https:\/\/noxgroup.us\/wp-content\/uploads\/2024\/04\/BeAboutIt_WhiteGold-2-203x300.png 203w, https:\/\/noxgroup.us\/wp-content\/uploads\/2024\/04\/BeAboutIt_WhiteGold-2-691x1024.png 691w, https:\/\/noxgroup.us\/wp-content\/uploads\/2024\/04\/BeAboutIt_WhiteGold-2.png 744w\" sizes=\"(max-width: 107px) 100vw, 107px\" \/>Nox Group est\u00e1 formado por personas que se dedican a vivir el prop\u00f3sito de la empresa de ser l\u00edderes de opini\u00f3n empoderados que cambien con audacia la industria de la construcci\u00f3n. Para nosotros, esto no es solo una jerga corporativa, es la cultura a la que nos responsabilizamos mutuamente como miembros de un equipo con un prop\u00f3sito.<\/p><p>Desde programas de seguridad l\u00edderes en la industria hasta voluntariado en las comunidades donde vivimos y construimos, cada miembro de nuestro equipo est\u00e1 preparado no solo para hablar, sino para hacerlo.<\/p><\/div>\t\t\t\t\t\t\t\t<\/div>\n\t\t\t\t<\/div>\n\t\t\t\t<div class=\"elementor-element elementor-element-9a137a7 ob-harakiri-inherit ob-has-background-overlay elementor-widget elementor-widget-text-editor\" data-id=\"9a137a7\" data-element_type=\"widget\" data-e-type=\"widget\" data-settings=\"{&quot;_ob_use_harakiri&quot;:&quot;yes&quot;,&quot;_ob_harakiri_writing_mode&quot;:&quot;inherit&quot;,&quot;_ob_postman_use&quot;:&quot;no&quot;,&quot;_ob_widget_stalker_use&quot;:&quot;no&quot;,&quot;_ob_poopart_use&quot;:&quot;yes&quot;,&quot;_ob_shadough_use&quot;:&quot;no&quot;,&quot;_ob_allow_hoveranimator&quot;:&quot;no&quot;}\" data-widget_type=\"text-editor.default\">\n\t\t\t\t<div class=\"elementor-widget-container\">\n\t\t\t\t\t\t\t\t\t<h1>Capacitamos a los empleados para que retribuyan con nuestro programa de tiempo libre voluntario.<\/h1>\t\t\t\t\t\t\t\t<\/div>\n\t\t\t\t<\/div>\n\t\t\t\t<div class=\"elementor-element elementor-element-b78ff58 ob-harakiri-inherit ob-has-background-overlay elementor-widget elementor-widget-text-editor\" data-id=\"b78ff58\" data-element_type=\"widget\" data-e-type=\"widget\" data-settings=\"{&quot;_ob_use_harakiri&quot;:&quot;yes&quot;,&quot;_ob_harakiri_writing_mode&quot;:&quot;inherit&quot;,&quot;_ob_postman_use&quot;:&quot;no&quot;,&quot;_ob_widget_stalker_use&quot;:&quot;no&quot;,&quot;_ob_poopart_use&quot;:&quot;yes&quot;,&quot;_ob_shadough_use&quot;:&quot;no&quot;,&quot;_ob_allow_hoveranimator&quot;:&quot;no&quot;}\" data-widget_type=\"text-editor.default\">\n\t\t\t\t<div class=\"elementor-widget-container\">\n\t\t\t\t\t\t\t\t\t<p>Creemos que nuestros empleados deben tener la opci\u00f3n de contribuir a causas en las que creen firmemente y que aman. Por este motivo, hemos implementado nuestro programa de tiempo libre voluntario. Nuestros empleados pueden elegir organizaciones que se alinean con sus pasiones individuales en las comunidades donde viven y trabajan, lo que brinda a cada empleado de la empresa la oportunidad de contribuir cuando lo desee.<\/p>\t\t\t\t\t\t\t\t<\/div>\n\t\t\t\t<\/div>\n\t\t\t\t<div class=\"elementor-element elementor-element-8a5a1d9 ob-has-background-overlay elementor-widget elementor-widget-video\" data-id=\"8a5a1d9\" data-element_type=\"widget\" data-e-type=\"widget\" data-settings=\"{&quot;video_type&quot;:&quot;hosted&quot;,&quot;controls&quot;:&quot;yes&quot;,&quot;_ob_widget_stalker_use&quot;:&quot;no&quot;,&quot;_ob_poopart_use&quot;:&quot;yes&quot;,&quot;_ob_shadough_use&quot;:&quot;no&quot;,&quot;_ob_allow_hoveranimator&quot;:&quot;no&quot;}\" data-widget_type=\"video.default\">\n\t\t\t\t<div class=\"elementor-widget-container\">\n\t\t\t\t\t\t\t<div class=\"e-hosted-video elementor-wrapper elementor-open-inline\">\n\t\t\t\t\t<video class=\"elementor-video\" src=\"https:\/\/noxgroup.us\/wp-content\/uploads\/2024\/04\/bai_vto_web.mp4\" controls=\"\" preload=\"metadata\" controlslist=\"nodownload\" poster=\"https:\/\/noxgroup.us\/wp-content\/uploads\/2024\/04\/bai_screenshot-1.jpg\"><\/video>\n\t\t\t\t<\/div>\n\t\t\t\t\t\t<\/div>\n\t\t\t\t<\/div>\n\t\t\t\t\t<\/div>\n\t\t\t\t<\/div>\n\t\t<div class=\"elementor-element elementor-element-c453ae5 e-flex e-con-boxed e-con e-child\" data-id=\"c453ae5\" data-element_type=\"container\" data-e-type=\"container\" data-settings=\"{&quot;_ob_use_container_extras&quot;:&quot;no&quot;,&quot;_ob_column_hoveranimator&quot;:&quot;no&quot;,&quot;_ob_glider_is_slider&quot;:&quot;no&quot;,&quot;_ob_column_has_pseudo&quot;:&quot;no&quot;}\">\n\t\t\t\t\t<div class=\"e-con-inner\">\n\t\t\t\t<div class=\"elementor-element elementor-element-9196840 ob-harakiri-inherit ob-has-background-overlay elementor-widget elementor-widget-text-editor\" data-id=\"9196840\" data-element_type=\"widget\" data-e-type=\"widget\" data-settings=\"{&quot;_ob_use_harakiri&quot;:&quot;yes&quot;,&quot;_ob_harakiri_writing_mode&quot;:&quot;inherit&quot;,&quot;_ob_postman_use&quot;:&quot;no&quot;,&quot;_ob_widget_stalker_use&quot;:&quot;no&quot;,&quot;_ob_poopart_use&quot;:&quot;yes&quot;,&quot;_ob_shadough_use&quot;:&quot;no&quot;,&quot;_ob_allow_hoveranimator&quot;:&quot;no&quot;}\" data-widget_type=\"text-editor.default\">\n\t\t\t\t<div class=\"elementor-widget-container\">\n\t\t\t\t\t\t\t\t\t<h1>Fomentar que los empleados se enfoquen en su ser integral.<\/h1>\t\t\t\t\t\t\t\t<\/div>\n\t\t\t\t<\/div>\n\t\t\t\t<div class=\"elementor-element elementor-element-cc995ae ob-harakiri-inherit ob-has-background-overlay elementor-widget elementor-widget-text-editor\" data-id=\"cc995ae\" data-element_type=\"widget\" data-e-type=\"widget\" data-settings=\"{&quot;_ob_use_harakiri&quot;:&quot;yes&quot;,&quot;_ob_harakiri_writing_mode&quot;:&quot;inherit&quot;,&quot;_ob_postman_use&quot;:&quot;no&quot;,&quot;_ob_widget_stalker_use&quot;:&quot;no&quot;,&quot;_ob_poopart_use&quot;:&quot;yes&quot;,&quot;_ob_shadough_use&quot;:&quot;no&quot;,&quot;_ob_allow_hoveranimator&quot;:&quot;no&quot;}\" data-widget_type=\"text-editor.default\">\n\t\t\t\t<div class=\"elementor-widget-container\">\n\t\t\t\t\t\t\t\t\t<p><img loading=\"lazy\" decoding=\"async\" class=\"alignright wp-image-8901 size-full\" src=\"https:\/\/noxgroup.us\/wp-content\/uploads\/2024\/10\/apex_ent_logo-e1728315974604.png\" alt=\"The Apex\" width=\"150\" height=\"107\" \/><br \/>Nuestro Centro de Bienestar y Cultura, APEX, fue construido para ayudar a nuestros empleados a lograr un equilibrio saludable entre el trabajo y la vida personal. Alentamos a nuestros compa\u00f1eros de equipo a utilizar todo lo que ofrece, como nuestro gimnasio completamente equipado, cancha de deportes, estudio de yoga, sala de salud mental y m\u00e1s. Ya sea que su objetivo sea mantenerse activo, concentrarse en la salud mental o conectarse con colegas, APEX le permite priorizar todos los aspectos de su salud, todo en un solo lugar.<\/p>\t\t\t\t\t\t\t\t<\/div>\n\t\t\t\t<\/div>\n\t\t\t\t<div class=\"elementor-element elementor-element-0eb6343 ob-has-background-overlay elementor-widget elementor-widget-video\" data-id=\"0eb6343\" data-element_type=\"widget\" data-e-type=\"widget\" data-settings=\"{&quot;youtube_url&quot;:&quot;https:\\\/\\\/youtu.be\\\/ZSUpm-mTHts&quot;,&quot;show_image_overlay&quot;:&quot;yes&quot;,&quot;image_overlay&quot;:{&quot;url&quot;:&quot;https:\\\/\\\/noxgroup.us\\\/wp-content\\\/uploads\\\/2024\\\/10\\\/exercise2.jpg&quot;,&quot;id&quot;:8900,&quot;size&quot;:&quot;&quot;,&quot;alt&quot;:&quot;&quot;,&quot;source&quot;:&quot;library&quot;},&quot;video_type&quot;:&quot;youtube&quot;,&quot;controls&quot;:&quot;yes&quot;,&quot;_ob_widget_stalker_use&quot;:&quot;no&quot;,&quot;_ob_poopart_use&quot;:&quot;yes&quot;,&quot;_ob_shadough_use&quot;:&quot;no&quot;,&quot;_ob_allow_hoveranimator&quot;:&quot;no&quot;}\" data-widget_type=\"video.default\">\n\t\t\t\t<div class=\"elementor-widget-container\">\n\t\t\t\t\t\t\t<div class=\"elementor-wrapper elementor-open-inline\">\n\t\t\t<div class=\"elementor-video\"><\/div>\t\t\t\t<div class=\"elementor-custom-embed-image-overlay\" style=\"background-image: url(https:\/\/noxgroup.us\/wp-content\/uploads\/2024\/10\/exercise2.jpg);\">\n\t\t\t\t\t\t\t\t\t\t\t\t\t\t\t\t<div class=\"elementor-custom-embed-play\" role=\"button\" aria-label=\"Reproducir video\" tabindex=\"0\" data-no-translation-aria-label=\"\">\n\t\t\t\t\t\t\t<i aria-hidden=\"true\" class=\"eicon-play\"><\/i>\t\t\t\t\t\t<\/div>\n\t\t\t\t\t\t\t\t\t<\/div>\n\t\t\t\t\t<\/div>\n\t\t\t\t\t\t<\/div>\n\t\t\t\t<\/div>\n\t\t\t\t\t<\/div>\n\t\t\t\t<\/div>\n\t\t\t\t<\/div>\n\t\t\t\t<\/div>","protected":false},"excerpt":{"rendered":"<p>Nox Group is comprised of people who are dedicated to living out the enterprise\u2019s purpose of being empowered thought leaders boldly changing the construction industry. To us, this isn\u2019t just corporate lingo\u2014it\u2019s the culture that we hold each other accountable to as members of one team with one purpose. From industry-leading safety programs to volunteering [&hellip;]<\/p>\n","protected":false},"author":1,"featured_media":7226,"parent":0,"menu_order":0,"comment_status":"closed","ping_status":"closed","template":"elementor_header_footer","meta":{"_acf_changed":false,"_monsterinsights_skip_tracking":false,"_monsterinsights_sitenote_active":false,"_monsterinsights_sitenote_note":"","_monsterinsights_sitenote_category":0,"site-sidebar-layout":"no-sidebar","site-content-layout":"page-builder","ast-site-content-layout":"full-width-container","site-content-style":"unboxed","site-sidebar-style":"unboxed","ast-global-header-display":"","ast-banner-title-visibility":"","ast-main-header-display":"","ast-hfb-above-header-display":"","ast-hfb-below-header-display":"","ast-hfb-mobile-header-display":"","site-post-title":"disabled","ast-breadcrumbs-content":"","ast-featured-img":"disabled","footer-sml-layout":"","ast-disable-related-posts":"","theme-transparent-header-meta":"","adv-header-id-meta":"","stick-header-meta":"","header-above-stick-meta":"","header-main-stick-meta":"","header-below-stick-meta":"","astra-migrate-meta-layouts":"set","ast-page-background-enabled":"default","ast-page-background-meta":{"desktop":{"background-color":"var(--ast-global-color-4)","background-image":"","background-repeat":"repeat","background-position":"center center","background-size":"auto","background-attachment":"scroll","background-type":"","background-media":"","overlay-type":"","overlay-color":"","overlay-opacity":"","overlay-gradient":""},"tablet":{"background-color":"","background-image":"","background-repeat":"repeat","background-position":"center center","background-size":"auto","background-attachment":"scroll","background-type":"","background-media":"","overlay-type":"","overlay-color":"","overlay-opacity":"","overlay-gradient":""},"mobile":{"background-color":"","background-image":"","background-repeat":"repeat","background-position":"center center","background-size":"auto","background-attachment":"scroll","background-type":"","background-media":"","overlay-type":"","overlay-color":"","overlay-opacity":"","overlay-gradient":""}},"ast-content-background-meta":{"desktop":{"background-color":"var(--ast-global-color-5)","background-image":"","background-repeat":"repeat","background-position":"center center","background-size":"auto","background-attachment":"scroll","background-type":"","background-media":"","overlay-type":"","overlay-color":"","overlay-opacity":"","overlay-gradient":""},"tablet":{"background-color":"var(--ast-global-color-5)","background-image":"","background-repeat":"repeat","background-position":"center center","background-size":"auto","background-attachment":"scroll","background-type":"","background-media":"","overlay-type":"","overlay-color":"","overlay-opacity":"","overlay-gradient":""},"mobile":{"background-color":"var(--ast-global-color-5)","background-image":"","background-repeat":"repeat","background-position":"center center","background-size":"auto","background-attachment":"scroll","background-type":"","background-media":"","overlay-type":"","overlay-color":"","overlay-opacity":"","overlay-gradient":""}},"footnotes":""},"class_list":["post-5980","page","type-page","status-publish","has-post-thumbnail","hentry"],"acf":[],"yoast_head":"<!-- This site is optimized with the Yoast SEO plugin v27.1.1 - https:\/\/yoast.com\/product\/yoast-seo-wordpress\/ -->\n<title>Culture - Nox Group<\/title>\n<meta name=\"robots\" content=\"index, follow, max-snippet:-1, max-image-preview:large, max-video-preview:-1\" \/>\n<link rel=\"canonical\" href=\"https:\/\/noxgroup.us\/es\/culture\/\" \/>\n<meta name=\"twitter:card\" content=\"summary_large_image\" \/>\n<meta name=\"twitter:title\" content=\"Culture - Nox Group\" \/>\n<meta name=\"twitter:description\" content=\"Nox Group is comprised of people who are dedicated to living out the enterprise\u2019s purpose of being empowered thought leaders boldly changing the construction industry. To us, this isn\u2019t just corporate lingo\u2014it\u2019s the culture that we hold each other accountable to as members of one team with one purpose. From industry-leading safety programs to volunteering [&hellip;]\" \/>\n<meta name=\"twitter:image\" content=\"https:\/\/noxgroup.us\/wp-content\/uploads\/2024\/04\/bai_screenshot.jpg\" \/>\n<meta name=\"twitter:label1\" content=\"Tiempo de lectura\" \/>\n\t<meta name=\"twitter:data1\" content=\"2 minutos\" \/>\n<!-- \/ Yoast SEO plugin. -->","yoast_head_json":{"title":"Cultura - Grupo Nox","robots":{"index":"index","follow":"follow","max-snippet":"max-snippet:-1","max-image-preview":"max-image-preview:large","max-video-preview":"max-video-preview:-1"},"canonical":"https:\/\/noxgroup.us\/es\/culture\/","twitter_card":"summary_large_image","twitter_title":"Culture - Nox Group","twitter_description":"Nox Group is comprised of people who are dedicated to living out the enterprise\u2019s purpose of being empowered thought leaders boldly changing the construction industry. To us, this isn\u2019t just corporate lingo\u2014it\u2019s the culture that we hold each other accountable to as members of one team with one purpose. From industry-leading safety programs to volunteering [&hellip;]","twitter_image":"https:\/\/noxgroup.us\/wp-content\/uploads\/2024\/04\/bai_screenshot.jpg","twitter_misc":{"Tiempo de lectura":"2 minutos"},"schema":{"@context":"https:\/\/schema.org","@graph":[{"@type":"WebPage","@id":"https:\/\/noxgroup.us\/culture\/","url":"https:\/\/noxgroup.us\/culture\/","name":"Cultura - Grupo Nox","isPartOf":{"@id":"https:\/\/noxgroup.us\/#website"},"primaryImageOfPage":{"@id":"https:\/\/noxgroup.us\/culture\/#primaryimage"},"image":{"@id":"https:\/\/noxgroup.us\/culture\/#primaryimage"},"thumbnailUrl":"https:\/\/noxgroup.us\/wp-content\/uploads\/2024\/04\/bai_screenshot.jpg","datePublished":"2024-04-24T16:33:43+00:00","dateModified":"2025-11-13T17:20:12+00:00","breadcrumb":{"@id":"https:\/\/noxgroup.us\/culture\/#breadcrumb"},"inLanguage":"es","potentialAction":[{"@type":"ReadAction","target":["https:\/\/noxgroup.us\/culture\/"]}]},{"@type":"ImageObject","inLanguage":"es","@id":"https:\/\/noxgroup.us\/culture\/#primaryimage","url":"https:\/\/noxgroup.us\/wp-content\/uploads\/2024\/04\/bai_screenshot.jpg","contentUrl":"https:\/\/noxgroup.us\/wp-content\/uploads\/2024\/04\/bai_screenshot.jpg","width":2360,"height":1440},{"@type":"BreadcrumbList","@id":"https:\/\/noxgroup.us\/culture\/#breadcrumb","itemListElement":[{"@type":"ListItem","position":1,"name":"Home","item":"https:\/\/noxgroup.us\/"},{"@type":"ListItem","position":2,"name":"Culture"}]},{"@type":"WebSite","@id":"https:\/\/noxgroup.us\/#website","url":"https:\/\/noxgroup.us\/","name":"Grupo Nox","description":"Humanizando la construcci\u00f3n","publisher":{"@id":"https:\/\/noxgroup.us\/#organization"},"potentialAction":[{"@type":"SearchAction","target":{"@type":"EntryPoint","urlTemplate":"https:\/\/noxgroup.us\/?s={search_term_string}"},"query-input":{"@type":"PropertyValueSpecification","valueRequired":true,"valueName":"search_term_string"}}],"inLanguage":"es"},{"@type":"Organization","@id":"https:\/\/noxgroup.us\/#organization","name":"Grupo Nox","url":"https:\/\/noxgroup.us\/","logo":{"@type":"ImageObject","inLanguage":"es","@id":"https:\/\/noxgroup.us\/#\/schema\/logo\/image\/","url":"https:\/\/noxgroup.us\/wp-content\/uploads\/2022\/01\/512.png","contentUrl":"https:\/\/noxgroup.us\/wp-content\/uploads\/2022\/01\/512.png","width":512,"height":512,"caption":"Nox Group"},"image":{"@id":"https:\/\/noxgroup.us\/#\/schema\/logo\/image\/"},"sameAs":["https:\/\/www.linkedin.com\/company\/nox-group-companies-llc"]}]}},"_links":{"self":[{"href":"https:\/\/noxgroup.us\/es\/wp-json\/wp\/v2\/pages\/5980","targetHints":{"allow":["GET"]}}],"collection":[{"href":"https:\/\/noxgroup.us\/es\/wp-json\/wp\/v2\/pages"}],"about":[{"href":"https:\/\/noxgroup.us\/es\/wp-json\/wp\/v2\/types\/page"}],"author":[{"embeddable":true,"href":"https:\/\/noxgroup.us\/es\/wp-json\/wp\/v2\/users\/1"}],"replies":[{"embeddable":true,"href":"https:\/\/noxgroup.us\/es\/wp-json\/wp\/v2\/comments?post=5980"}],"version-history":[{"count":119,"href":"https:\/\/noxgroup.us\/es\/wp-json\/wp\/v2\/pages\/5980\/revisions"}],"predecessor-version":[{"id":14094,"href":"https:\/\/noxgroup.us\/es\/wp-json\/wp\/v2\/pages\/5980\/revisions\/14094"}],"wp:featuredmedia":[{"embeddable":true,"href":"https:\/\/noxgroup.us\/es\/wp-json\/wp\/v2\/media\/7226"}],"wp:attachment":[{"href":"https:\/\/noxgroup.us\/es\/wp-json\/wp\/v2\/media?parent=5980"}],"curies":[{"name":"gracias","href":"https:\/\/api.w.org\/{rel}","templated":true}]}}