{"id":5954,"date":"2024-04-15T17:07:06","date_gmt":"2024-04-15T17:07:06","guid":{"rendered":"https:\/\/noxgroup.us\/?page_id=5954"},"modified":"2025-08-11T20:57:15","modified_gmt":"2025-08-11T20:57:15","slug":"careers","status":"publish","type":"page","link":"https:\/\/noxgroup.us\/es\/careers\/","title":{"rendered":"Carreras"},"content":{"rendered":"<div data-elementor-type=\"wp-page\" data-elementor-id=\"5954\" class=\"elementor elementor-5954\" data-elementor-post-type=\"page\">\n\t\t\t\t<div class=\"elementor-element elementor-element-7d3f169 e-con-full e-flex e-con e-parent\" data-id=\"7d3f169\" data-element_type=\"container\" data-e-type=\"container\" data-settings=\"{&quot;background_background&quot;:&quot;classic&quot;,&quot;_ob_use_container_extras&quot;:&quot;no&quot;,&quot;_ob_column_hoveranimator&quot;:&quot;no&quot;,&quot;_ob_glider_is_slider&quot;:&quot;no&quot;,&quot;_ob_column_has_pseudo&quot;:&quot;no&quot;}\">\n\t\t\t\t<div class=\"elementor-element elementor-element-f9184df ob-has-background-overlay elementor-widget elementor-widget-image\" data-id=\"f9184df\" data-element_type=\"widget\" data-e-type=\"widget\" data-settings=\"{&quot;_ob_photomorph_use&quot;:&quot;no&quot;,&quot;_ob_widget_stalker_use&quot;:&quot;no&quot;,&quot;_ob_poopart_use&quot;:&quot;yes&quot;,&quot;_ob_shadough_use&quot;:&quot;no&quot;,&quot;_ob_allow_hoveranimator&quot;:&quot;no&quot;}\" data-widget_type=\"image.default\">\n\t\t\t\t<div class=\"elementor-widget-container\">\n\t\t\t\t\t\t\t\t\t\t\t\t\t\t\t\t<a href=\"https:\/\/noxgroup.us\/\">\n\t\t\t\t\t\t\t<img fetchpriority=\"high\" decoding=\"async\" width=\"600\" height=\"194\" src=\"https:\/\/noxgroup.us\/wp-content\/uploads\/2023\/05\/ng_logo_new.png\" class=\"attachment-large size-large wp-image-4079\" alt=\"Nox Group\" srcset=\"https:\/\/noxgroup.us\/wp-content\/uploads\/2023\/05\/ng_logo_new.png 600w, https:\/\/noxgroup.us\/wp-content\/uploads\/2023\/05\/ng_logo_new-300x97.png 300w\" sizes=\"(max-width: 600px) 100vw, 600px\" \/>\t\t\t\t\t\t\t\t<\/a>\n\t\t\t\t\t\t\t\t\t\t\t\t\t\t\t<\/div>\n\t\t\t\t<\/div>\n\t\t\t\t<div class=\"elementor-element elementor-element-20b9c65 ob-has-background-overlay elementor-widget elementor-widget-spacer\" data-id=\"20b9c65\" data-element_type=\"widget\" data-e-type=\"widget\" data-settings=\"{&quot;_ob_spacerat_use&quot;:&quot;no&quot;,&quot;_ob_widget_stalker_use&quot;:&quot;no&quot;,&quot;_ob_poopart_use&quot;:&quot;yes&quot;,&quot;_ob_shadough_use&quot;:&quot;no&quot;,&quot;_ob_allow_hoveranimator&quot;:&quot;no&quot;}\" data-widget_type=\"spacer.default\">\n\t\t\t\t<div class=\"elementor-widget-container\">\n\t\t\t\t\t\t\t<div class=\"elementor-spacer\">\n\t\t\t<div class=\"elementor-spacer-inner\"><\/div>\n\t\t<\/div>\n\t\t\t\t\t\t<\/div>\n\t\t\t\t<\/div>\n\t\t\t\t<div class=\"elementor-element elementor-element-834c686 ob-has-background-overlay elementor-widget elementor-widget-image\" data-id=\"834c686\" data-element_type=\"widget\" data-e-type=\"widget\" data-settings=\"{&quot;_ob_photomorph_use&quot;:&quot;no&quot;,&quot;_ob_widget_stalker_use&quot;:&quot;no&quot;,&quot;_ob_poopart_use&quot;:&quot;yes&quot;,&quot;_ob_shadough_use&quot;:&quot;no&quot;,&quot;_ob_allow_hoveranimator&quot;:&quot;no&quot;}\" data-widget_type=\"image.default\">\n\t\t\t\t<div class=\"elementor-widget-container\">\n\t\t\t\t\t\t\t\t\t\t\t\t\t\t\t<img decoding=\"async\" width=\"342\" height=\"50\" src=\"https:\/\/noxgroup.us\/wp-content\/uploads\/2024\/06\/title_ng_careers.png\" class=\"attachment-large size-large wp-image-6436\" alt=\"\" srcset=\"https:\/\/noxgroup.us\/wp-content\/uploads\/2024\/06\/title_ng_careers.png 342w, https:\/\/noxgroup.us\/wp-content\/uploads\/2024\/06\/title_ng_careers-300x44.png 300w\" sizes=\"(max-width: 342px) 100vw, 342px\" \/>\t\t\t\t\t\t\t\t\t\t\t\t\t\t\t<\/div>\n\t\t\t\t<\/div>\n\t\t\t\t<div class=\"elementor-element elementor-element-0a8eabf ob-has-background-overlay elementor-widget elementor-widget-image\" data-id=\"0a8eabf\" data-element_type=\"widget\" data-e-type=\"widget\" data-settings=\"{&quot;_ob_photomorph_use&quot;:&quot;no&quot;,&quot;_ob_widget_stalker_use&quot;:&quot;no&quot;,&quot;_ob_poopart_use&quot;:&quot;yes&quot;,&quot;_ob_shadough_use&quot;:&quot;no&quot;,&quot;_ob_allow_hoveranimator&quot;:&quot;no&quot;}\" data-widget_type=\"image.default\">\n\t\t\t\t<div class=\"elementor-widget-container\">\n\t\t\t\t\t\t\t\t\t\t\t\t\t\t\t<img decoding=\"async\" width=\"1024\" height=\"262\" src=\"https:\/\/noxgroup.us\/wp-content\/uploads\/2024\/06\/ng_ent_graphic4-1024x262.png\" class=\"attachment-large size-large wp-image-6440\" alt=\"\" srcset=\"https:\/\/noxgroup.us\/wp-content\/uploads\/2024\/06\/ng_ent_graphic4-1024x262.png 1024w, https:\/\/noxgroup.us\/wp-content\/uploads\/2024\/06\/ng_ent_graphic4-300x77.png 300w, https:\/\/noxgroup.us\/wp-content\/uploads\/2024\/06\/ng_ent_graphic4-768x196.png 768w, https:\/\/noxgroup.us\/wp-content\/uploads\/2024\/06\/ng_ent_graphic4-1536x393.png 1536w, https:\/\/noxgroup.us\/wp-content\/uploads\/2024\/06\/ng_ent_graphic4-2048x523.png 2048w\" sizes=\"(max-width: 1024px) 100vw, 1024px\" \/>\t\t\t\t\t\t\t\t\t\t\t\t\t\t\t<\/div>\n\t\t\t\t<\/div>\n\t\t\t\t<div data-dce-title-color=\"#E1CD4E\" class=\"elementor-element elementor-element-dc28a93 elementor-widget__width-initial pa-display-conditions-yes bt_show ob-harakiri-inherit ob-has-background-overlay elementor-widget elementor-widget-heading\" data-id=\"dc28a93\" data-element_type=\"widget\" data-e-type=\"widget\" data-settings=\"{&quot;pa_display_conditions_switcher&quot;:&quot;yes&quot;,&quot;_ob_use_harakiri&quot;:&quot;yes&quot;,&quot;_ob_harakiri_writing_mode&quot;:&quot;inherit&quot;,&quot;_ob_harakiri_text_clip&quot;:&quot;none&quot;,&quot;_ob_widget_stalker_use&quot;:&quot;no&quot;,&quot;_ob_poopart_use&quot;:&quot;yes&quot;,&quot;_ob_shadough_use&quot;:&quot;no&quot;,&quot;_ob_allow_hoveranimator&quot;:&quot;no&quot;}\" data-widget_type=\"heading.default\">\n\t\t\t\t<div class=\"elementor-widget-container\">\n\t\t\t\t\t<h2 class=\"elementor-heading-title elementor-size-default\"><a href=\"https:\/\/noxgroup.us\/careers\">ATR\u00c1S<\/a><\/h2>\t\t\t\t<\/div>\n\t\t\t\t<\/div>\n\t\t<div class=\"elementor-element elementor-element-ba673ec e-con-full e-flex e-con e-child\" data-id=\"ba673ec\" data-element_type=\"container\" data-e-type=\"container\" data-settings=\"{&quot;_ob_use_container_extras&quot;:&quot;no&quot;,&quot;_ob_column_hoveranimator&quot;:&quot;no&quot;,&quot;_ob_glider_is_slider&quot;:&quot;no&quot;,&quot;_ob_column_has_pseudo&quot;:&quot;no&quot;}\">\n\t\t<div class=\"elementor-element elementor-element-170d6aa e-flex e-con-boxed e-con e-child\" data-id=\"170d6aa\" data-element_type=\"container\" data-e-type=\"container\" data-settings=\"{&quot;_ob_use_container_extras&quot;:&quot;no&quot;,&quot;_ob_column_hoveranimator&quot;:&quot;no&quot;,&quot;_ob_glider_is_slider&quot;:&quot;no&quot;,&quot;_ob_column_has_pseudo&quot;:&quot;no&quot;}\">\n\t\t\t\t\t<div class=\"e-con-inner\">\n\t\t\t\t<div class=\"elementor-element elementor-element-f01da4d gh_langy ob-has-background-overlay elementor-widget elementor-widget-html\" data-id=\"f01da4d\" data-element_type=\"widget\" data-e-type=\"widget\" data-settings=\"{&quot;_ob_widget_stalker_use&quot;:&quot;no&quot;,&quot;_ob_poopart_use&quot;:&quot;yes&quot;,&quot;_ob_shadough_use&quot;:&quot;no&quot;,&quot;_ob_allow_hoveranimator&quot;:&quot;no&quot;}\" data-widget_type=\"html.default\">\n\t\t\t\t<div class=\"elementor-widget-container\">\n\t\t\t\t\t<div id=\"grnhse_app\"><\/div>\t\t\t\t<\/div>\n\t\t\t\t<\/div>\n\t\t\t\t\t<\/div>\n\t\t\t\t<\/div>\n\t\t\t\t<\/div>\n\t\t\t\t<\/div>\n\t\t<div class=\"elementor-element elementor-element-21010f2 e-grid e-con-boxed e-con e-parent\" data-id=\"21010f2\" data-element_type=\"container\" data-e-type=\"container\" data-settings=\"{&quot;background_background&quot;:&quot;classic&quot;,&quot;_ob_use_container_extras&quot;:&quot;no&quot;,&quot;_ob_column_hoveranimator&quot;:&quot;no&quot;,&quot;_ob_glider_is_slider&quot;:&quot;no&quot;,&quot;_ob_column_has_pseudo&quot;:&quot;no&quot;}\">\n\t\t\t\t\t<div class=\"e-con-inner\">\n\t\t<div data-dce-background-color=\"#00000066\" class=\"elementor-element elementor-element-e654b0c e-con-full e-flex e-con e-child\" data-id=\"e654b0c\" data-element_type=\"container\" data-e-type=\"container\" data-settings=\"{&quot;background_background&quot;:&quot;classic&quot;,&quot;_ob_use_container_extras&quot;:&quot;no&quot;,&quot;_ob_column_hoveranimator&quot;:&quot;no&quot;,&quot;_ob_glider_is_slider&quot;:&quot;no&quot;,&quot;_ob_column_has_pseudo&quot;:&quot;no&quot;}\">\n\t\t\t\t<div class=\"elementor-element elementor-element-1d480ac ob-harakiri-inherit ob-has-background-overlay elementor-widget elementor-widget-heading\" data-id=\"1d480ac\" data-element_type=\"widget\" data-e-type=\"widget\" data-settings=\"{&quot;_ob_use_harakiri&quot;:&quot;yes&quot;,&quot;_ob_harakiri_writing_mode&quot;:&quot;inherit&quot;,&quot;_ob_harakiri_text_clip&quot;:&quot;none&quot;,&quot;_ob_widget_stalker_use&quot;:&quot;no&quot;,&quot;_ob_poopart_use&quot;:&quot;yes&quot;,&quot;_ob_shadough_use&quot;:&quot;no&quot;,&quot;_ob_allow_hoveranimator&quot;:&quot;no&quot;}\" data-widget_type=\"heading.default\">\n\t\t\t\t<div class=\"elementor-widget-container\">\n\t\t\t\t\t<h2 class=\"elementor-heading-title elementor-size-default\">\u00bfNecesita ayuda con alguno de nuestros puestos vacantes?<\/h2>\t\t\t\t<\/div>\n\t\t\t\t<\/div>\n\t\t\t\t<div data-dce-title-color=\"#E1CD4E\" class=\"elementor-element elementor-element-d21817f elementor-widget__width-initial ngbt ob-harakiri-inherit ob-has-background-overlay elementor-widget elementor-widget-heading\" data-id=\"d21817f\" data-element_type=\"widget\" data-e-type=\"widget\" data-settings=\"{&quot;_ob_use_harakiri&quot;:&quot;yes&quot;,&quot;_ob_harakiri_writing_mode&quot;:&quot;inherit&quot;,&quot;_ob_harakiri_text_clip&quot;:&quot;none&quot;,&quot;_ob_widget_stalker_use&quot;:&quot;no&quot;,&quot;_ob_poopart_use&quot;:&quot;yes&quot;,&quot;_ob_shadough_use&quot;:&quot;no&quot;,&quot;_ob_allow_hoveranimator&quot;:&quot;no&quot;}\" data-widget_type=\"heading.default\">\n\t\t\t\t<div class=\"elementor-widget-container\">\n\t\t\t\t\t<h2 class=\"elementor-heading-title elementor-size-default\"><a href=\"mailto:talent@noxgroup.us\">ENV\u00cdE UN CORREO ELECTR\u00d3NICO A NUESTRO EQUIPO DE TALENTOS<\/a><\/h2>\t\t\t\t<\/div>\n\t\t\t\t<\/div>\n\t\t\t\t<\/div>\n\t\t<div data-dce-background-color=\"#00000066\" class=\"elementor-element elementor-element-0867de8 e-con-full e-flex e-con e-child\" data-id=\"0867de8\" data-element_type=\"container\" data-e-type=\"container\" data-settings=\"{&quot;background_background&quot;:&quot;classic&quot;,&quot;_ob_use_container_extras&quot;:&quot;no&quot;,&quot;_ob_column_hoveranimator&quot;:&quot;no&quot;,&quot;_ob_glider_is_slider&quot;:&quot;no&quot;,&quot;_ob_column_has_pseudo&quot;:&quot;no&quot;}\">\n\t\t\t\t<div class=\"elementor-element elementor-element-55abe5f ob-harakiri-inherit ob-has-background-overlay elementor-widget elementor-widget-heading\" data-id=\"55abe5f\" data-element_type=\"widget\" data-e-type=\"widget\" data-settings=\"{&quot;_ob_use_harakiri&quot;:&quot;yes&quot;,&quot;_ob_harakiri_writing_mode&quot;:&quot;inherit&quot;,&quot;_ob_harakiri_text_clip&quot;:&quot;none&quot;,&quot;_ob_widget_stalker_use&quot;:&quot;no&quot;,&quot;_ob_poopart_use&quot;:&quot;yes&quot;,&quot;_ob_shadough_use&quot;:&quot;no&quot;,&quot;_ob_allow_hoveranimator&quot;:&quot;no&quot;}\" data-widget_type=\"heading.default\">\n\t\t\t\t<div class=\"elementor-widget-container\">\n\t\t\t\t\t<h2 class=\"elementor-heading-title elementor-size-default\">\u00bfNecesita ayuda con nuestros puestos vacantes?<\/h2>\t\t\t\t<\/div>\n\t\t\t\t<\/div>\n\t\t\t\t<div class=\"elementor-element elementor-element-91d4639 elementor-widget__width-initial ngbt ob-harakiri-inherit ob-has-background-overlay elementor-widget elementor-widget-heading\" data-id=\"91d4639\" data-element_type=\"widget\" data-e-type=\"widget\" data-settings=\"{&quot;_ob_use_harakiri&quot;:&quot;yes&quot;,&quot;_ob_harakiri_writing_mode&quot;:&quot;inherit&quot;,&quot;_ob_harakiri_text_clip&quot;:&quot;none&quot;,&quot;_ob_widget_stalker_use&quot;:&quot;no&quot;,&quot;_ob_poopart_use&quot;:&quot;yes&quot;,&quot;_ob_shadough_use&quot;:&quot;no&quot;,&quot;_ob_allow_hoveranimator&quot;:&quot;no&quot;}\" data-widget_type=\"heading.default\">\n\t\t\t\t<div class=\"elementor-widget-container\">\n\t\t\t\t\t<h2 class=\"elementor-heading-title elementor-size-default\"><a href=\"mailto:talent@noxgroup.us\">ENV\u00cdANOS UN CORREO ELECTR\u00d3NICO<\/a><\/h2>\t\t\t\t<\/div>\n\t\t\t\t<\/div>\n\t\t\t\t<\/div>\n\t\t\t\t\t<\/div>\n\t\t\t\t<\/div>\n\t\t<div class=\"elementor-element elementor-element-0842efb e-flex e-con-boxed e-con e-parent\" data-id=\"0842efb\" data-element_type=\"container\" data-e-type=\"container\" data-settings=\"{&quot;_ob_use_container_extras&quot;:&quot;no&quot;,&quot;_ob_column_hoveranimator&quot;:&quot;no&quot;,&quot;_ob_glider_is_slider&quot;:&quot;no&quot;,&quot;_ob_column_has_pseudo&quot;:&quot;no&quot;}\">\n\t\t\t\t\t<div class=\"e-con-inner\">\n\t\t\t\t<div class=\"elementor-element elementor-element-0fac9a5 equal ob-harakiri-inherit ob-has-background-overlay elementor-widget elementor-widget-text-editor\" data-id=\"0fac9a5\" data-element_type=\"widget\" data-e-type=\"widget\" data-settings=\"{&quot;_ob_use_harakiri&quot;:&quot;yes&quot;,&quot;_ob_harakiri_writing_mode&quot;:&quot;inherit&quot;,&quot;_ob_postman_use&quot;:&quot;no&quot;,&quot;_ob_widget_stalker_use&quot;:&quot;no&quot;,&quot;_ob_poopart_use&quot;:&quot;yes&quot;,&quot;_ob_shadough_use&quot;:&quot;no&quot;,&quot;_ob_allow_hoveranimator&quot;:&quot;no&quot;}\" data-widget_type=\"text-editor.default\">\n\t\t\t\t<div class=\"elementor-widget-container\">\n\t\t\t\t\t\t\t\t\t<p><strong>Somos un empleador que ofrece igualdad de oportunidades<\/strong><br \/>Para cumplir con la Norma de Transparencia en la Cobertura, Nox Group colabora con sus proveedores de cobertura m\u00e9dica para proporcionar un enlace a sus archivos legibles por m\u00e1quina. Haga clic en las URL proporcionadas para obtener m\u00e1s informaci\u00f3n. <a href=\"https:\/\/transparency-in-coverage.uhc.com\/\">https:\/\/transparency-in-coverage.uhc.com\/<\/a><\/p>\t\t\t\t\t\t\t\t<\/div>\n\t\t\t\t<\/div>\n\t\t\t\t\t<\/div>\n\t\t\t\t<\/div>\n\t\t\t\t<\/div>","protected":false},"excerpt":{"rendered":"<p>BACK Need assistance with any of our open positions? EMAIL OUR TALENT TEAM \u00bfNecesita ayuda con nuestros puestos vacantes? ENV\u00cdANOS UN CORREO ELECTR\u00d3NICO We Are An Equal Opportunity EmployerTo comply with the Transparency in Coverage Rule, Nox Group works with their health coverage providers to provide a link to their Machine Readable Files. Please click [&hellip;]<\/p>\n","protected":false},"author":1,"featured_media":9303,"parent":0,"menu_order":0,"comment_status":"closed","ping_status":"closed","template":"elementor_header_footer","meta":{"_acf_changed":false,"_monsterinsights_skip_tracking":false,"_monsterinsights_sitenote_active":false,"_monsterinsights_sitenote_note":"","_monsterinsights_sitenote_category":0,"site-sidebar-layout":"no-sidebar","site-content-layout":"page-builder","ast-site-content-layout":"full-width-container","site-content-style":"unboxed","site-sidebar-style":"unboxed","ast-global-header-display":"","ast-banner-title-visibility":"","ast-main-header-display":"","ast-hfb-above-header-display":"","ast-hfb-below-header-display":"","ast-hfb-mobile-header-display":"","site-post-title":"disabled","ast-breadcrumbs-content":"","ast-featured-img":"disabled","footer-sml-layout":"","ast-disable-related-posts":"","theme-transparent-header-meta":"","adv-header-id-meta":"","stick-header-meta":"","header-above-stick-meta":"","header-main-stick-meta":"","header-below-stick-meta":"","astra-migrate-meta-layouts":"set","ast-page-background-enabled":"default","ast-page-background-meta":{"desktop":{"background-color":"var(--ast-global-color-4)","background-image":"","background-repeat":"repeat","background-position":"center center","background-size":"auto","background-attachment":"scroll","background-type":"","background-media":"","overlay-type":"","overlay-color":"","overlay-opacity":"","overlay-gradient":""},"tablet":{"background-color":"","background-image":"","background-repeat":"repeat","background-position":"center center","background-size":"auto","background-attachment":"scroll","background-type":"","background-media":"","overlay-type":"","overlay-color":"","overlay-opacity":"","overlay-gradient":""},"mobile":{"background-color":"","background-image":"","background-repeat":"repeat","background-position":"center center","background-size":"auto","background-attachment":"scroll","background-type":"","background-media":"","overlay-type":"","overlay-color":"","overlay-opacity":"","overlay-gradient":""}},"ast-content-background-meta":{"desktop":{"background-color":"var(--ast-global-color-5)","background-image":"","background-repeat":"repeat","background-position":"center center","background-size":"auto","background-attachment":"scroll","background-type":"","background-media":"","overlay-type":"","overlay-color":"","overlay-opacity":"","overlay-gradient":""},"tablet":{"background-color":"var(--ast-global-color-5)","background-image":"","background-repeat":"repeat","background-position":"center center","background-size":"auto","background-attachment":"scroll","background-type":"","background-media":"","overlay-type":"","overlay-color":"","overlay-opacity":"","overlay-gradient":""},"mobile":{"background-color":"var(--ast-global-color-5)","background-image":"","background-repeat":"repeat","background-position":"center center","background-size":"auto","background-attachment":"scroll","background-type":"","background-media":"","overlay-type":"","overlay-color":"","overlay-opacity":"","overlay-gradient":""}},"footnotes":""},"class_list":["post-5954","page","type-page","status-publish","has-post-thumbnail","hentry"],"acf":[],"yoast_head":"<!-- This site is optimized with the Yoast SEO plugin v27.1.1 - https:\/\/yoast.com\/product\/yoast-seo-wordpress\/ -->\n<title>Careers - Nox Group<\/title>\n<meta name=\"description\" content=\"Nox Group is on the leading edge of construction best practices, driving innovation forward while leveraging the people that get the job done. The people throughout our enterprise are dedicated to delivering results through the entire lifecycle of large-scale industrial construction projects.\" \/>\n<meta name=\"robots\" content=\"index, follow, max-snippet:-1, max-image-preview:large, max-video-preview:-1\" \/>\n<link rel=\"canonical\" href=\"https:\/\/noxgroup.us\/es\/careers\/\" \/>\n<meta name=\"twitter:card\" content=\"summary_large_image\" \/>\n<meta name=\"twitter:title\" content=\"Careers - Nox Group\" \/>\n<meta name=\"twitter:description\" content=\"Nox Group is on the leading edge of construction best practices, driving innovation forward while leveraging the people that get the job done. The people throughout our enterprise are dedicated to delivering results through the entire lifecycle of large-scale industrial construction projects.\" \/>\n<meta name=\"twitter:image\" content=\"https:\/\/noxgroup.us\/wp-content\/uploads\/2024\/10\/DSC03521.jpg\" \/>\n<meta name=\"twitter:label1\" content=\"Tiempo de lectura\" \/>\n\t<meta name=\"twitter:data1\" content=\"1 minuto\" \/>\n<!-- \/ Yoast SEO plugin. -->","yoast_head_json":{"title":"Oportunidades laborales - Grupo Nox","description":"Nox Group est\u00e1 a la vanguardia de las mejores pr\u00e1cticas de construcci\u00f3n, impulsando la innovaci\u00f3n y aprovechando al mismo tiempo a las personas que hacen el trabajo. El personal de nuestra empresa est\u00e1 dedicado a brindar resultados durante todo el ciclo de vida de proyectos de construcci\u00f3n industrial a gran escala.","robots":{"index":"index","follow":"follow","max-snippet":"max-snippet:-1","max-image-preview":"max-image-preview:large","max-video-preview":"max-video-preview:-1"},"canonical":"https:\/\/noxgroup.us\/es\/careers\/","twitter_card":"summary_large_image","twitter_title":"Careers - Nox Group","twitter_description":"Nox Group is on the leading edge of construction best practices, driving innovation forward while leveraging the people that get the job done. The people throughout our enterprise are dedicated to delivering results through the entire lifecycle of large-scale industrial construction projects.","twitter_image":"https:\/\/noxgroup.us\/wp-content\/uploads\/2024\/10\/DSC03521.jpg","twitter_misc":{"Tiempo de lectura":"1 minuto"},"schema":{"@context":"https:\/\/schema.org","@graph":[{"@type":"WebPage","@id":"https:\/\/noxgroup.us\/careers\/","url":"https:\/\/noxgroup.us\/careers\/","name":"Oportunidades laborales - Grupo Nox","isPartOf":{"@id":"https:\/\/noxgroup.us\/#website"},"primaryImageOfPage":{"@id":"https:\/\/noxgroup.us\/careers\/#primaryimage"},"image":{"@id":"https:\/\/noxgroup.us\/careers\/#primaryimage"},"thumbnailUrl":"https:\/\/noxgroup.us\/wp-content\/uploads\/2024\/10\/DSC03521.jpg","datePublished":"2024-04-15T17:07:06+00:00","dateModified":"2025-08-11T20:57:15+00:00","description":"Nox Group est\u00e1 a la vanguardia de las mejores pr\u00e1cticas de construcci\u00f3n, impulsando la innovaci\u00f3n y aprovechando al mismo tiempo a las personas que hacen el trabajo. El personal de nuestra empresa est\u00e1 dedicado a brindar resultados durante todo el ciclo de vida de proyectos de construcci\u00f3n industrial a gran escala.","breadcrumb":{"@id":"https:\/\/noxgroup.us\/careers\/#breadcrumb"},"inLanguage":"es","potentialAction":[{"@type":"ReadAction","target":["https:\/\/noxgroup.us\/careers\/"]}]},{"@type":"ImageObject","inLanguage":"es","@id":"https:\/\/noxgroup.us\/careers\/#primaryimage","url":"https:\/\/noxgroup.us\/wp-content\/uploads\/2024\/10\/DSC03521.jpg","contentUrl":"https:\/\/noxgroup.us\/wp-content\/uploads\/2024\/10\/DSC03521.jpg","width":2048,"height":1365,"caption":"Nox Group"},{"@type":"BreadcrumbList","@id":"https:\/\/noxgroup.us\/careers\/#breadcrumb","itemListElement":[{"@type":"ListItem","position":1,"name":"Home","item":"https:\/\/noxgroup.us\/"},{"@type":"ListItem","position":2,"name":"Careers"}]},{"@type":"WebSite","@id":"https:\/\/noxgroup.us\/#website","url":"https:\/\/noxgroup.us\/","name":"Grupo Nox","description":"Humanizando la construcci\u00f3n","publisher":{"@id":"https:\/\/noxgroup.us\/#organization"},"potentialAction":[{"@type":"SearchAction","target":{"@type":"EntryPoint","urlTemplate":"https:\/\/noxgroup.us\/?s={search_term_string}"},"query-input":{"@type":"PropertyValueSpecification","valueRequired":true,"valueName":"search_term_string"}}],"inLanguage":"es"},{"@type":"Organization","@id":"https:\/\/noxgroup.us\/#organization","name":"Grupo Nox","url":"https:\/\/noxgroup.us\/","logo":{"@type":"ImageObject","inLanguage":"es","@id":"https:\/\/noxgroup.us\/#\/schema\/logo\/image\/","url":"https:\/\/noxgroup.us\/wp-content\/uploads\/2022\/01\/512.png","contentUrl":"https:\/\/noxgroup.us\/wp-content\/uploads\/2022\/01\/512.png","width":512,"height":512,"caption":"Nox Group"},"image":{"@id":"https:\/\/noxgroup.us\/#\/schema\/logo\/image\/"},"sameAs":["https:\/\/www.linkedin.com\/company\/nox-group-companies-llc"]}]}},"_links":{"self":[{"href":"https:\/\/noxgroup.us\/es\/wp-json\/wp\/v2\/pages\/5954","targetHints":{"allow":["GET"]}}],"collection":[{"href":"https:\/\/noxgroup.us\/es\/wp-json\/wp\/v2\/pages"}],"about":[{"href":"https:\/\/noxgroup.us\/es\/wp-json\/wp\/v2\/types\/page"}],"author":[{"embeddable":true,"href":"https:\/\/noxgroup.us\/es\/wp-json\/wp\/v2\/users\/1"}],"replies":[{"embeddable":true,"href":"https:\/\/noxgroup.us\/es\/wp-json\/wp\/v2\/comments?post=5954"}],"version-history":[{"count":136,"href":"https:\/\/noxgroup.us\/es\/wp-json\/wp\/v2\/pages\/5954\/revisions"}],"predecessor-version":[{"id":13305,"href":"https:\/\/noxgroup.us\/es\/wp-json\/wp\/v2\/pages\/5954\/revisions\/13305"}],"wp:featuredmedia":[{"embeddable":true,"href":"https:\/\/noxgroup.us\/es\/wp-json\/wp\/v2\/media\/9303"}],"wp:attachment":[{"href":"https:\/\/noxgroup.us\/es\/wp-json\/wp\/v2\/media?parent=5954"}],"curies":[{"name":"gracias","href":"https:\/\/api.w.org\/{rel}","templated":true}]}}