{"id":14724,"date":"2026-03-18T11:34:08","date_gmt":"2026-03-18T18:34:08","guid":{"rendered":"https:\/\/noxgroup.us\/?page_id=14724"},"modified":"2026-03-20T14:46:46","modified_gmt":"2026-03-20T21:46:46","slug":"vto-thank-you","status":"publish","type":"page","link":"https:\/\/noxgroup.us\/es\/vto-thank-you\/","title":{"rendered":"VTO Thank You"},"content":{"rendered":"<div data-elementor-type=\"wp-page\" data-elementor-id=\"14724\" class=\"elementor elementor-14724\" data-elementor-post-type=\"page\">\n\t\t\t\t<div class=\"elementor-element elementor-element-3144a95 e-flex e-con-boxed e-con e-parent\" data-id=\"3144a95\" data-element_type=\"container\" data-e-type=\"container\" data-settings=\"{&quot;_ob_use_container_extras&quot;:&quot;no&quot;,&quot;_ob_column_hoveranimator&quot;:&quot;no&quot;,&quot;_ob_glider_is_slider&quot;:&quot;no&quot;,&quot;_ob_column_has_pseudo&quot;:&quot;no&quot;}\">\n\t\t\t\t\t<div class=\"e-con-inner\">\n\t\t\t\t<div class=\"elementor-element elementor-element-8641942 ob-has-background-overlay elementor-widget elementor-widget-image\" data-id=\"8641942\" data-element_type=\"widget\" data-e-type=\"widget\" data-settings=\"{&quot;_ob_photomorph_use&quot;:&quot;no&quot;,&quot;_ob_widget_stalker_use&quot;:&quot;no&quot;,&quot;_ob_poopart_use&quot;:&quot;yes&quot;,&quot;_ob_shadough_use&quot;:&quot;no&quot;,&quot;_ob_allow_hoveranimator&quot;:&quot;no&quot;}\" data-widget_type=\"image.default\">\n\t\t\t\t<div class=\"elementor-widget-container\">\n\t\t\t\t\t\t\t\t\t\t\t\t\t\t\t\t<a href=\"https:\/\/noxgroup.us\/\">\n\t\t\t\t\t\t\t<img fetchpriority=\"high\" decoding=\"async\" width=\"1024\" height=\"109\" src=\"https:\/\/noxgroup.us\/wp-content\/uploads\/2026\/02\/ng-new-ent-graphic-1024x109.png\" class=\"attachment-large size-large wp-image-14419\" alt=\"\" srcset=\"https:\/\/noxgroup.us\/wp-content\/uploads\/2026\/02\/ng-new-ent-graphic-1024x109.png 1024w, https:\/\/noxgroup.us\/wp-content\/uploads\/2026\/02\/ng-new-ent-graphic-300x32.png 300w, https:\/\/noxgroup.us\/wp-content\/uploads\/2026\/02\/ng-new-ent-graphic-768x82.png 768w, https:\/\/noxgroup.us\/wp-content\/uploads\/2026\/02\/ng-new-ent-graphic-18x2.png 18w, https:\/\/noxgroup.us\/wp-content\/uploads\/2026\/02\/ng-new-ent-graphic.png 1413w\" sizes=\"(max-width: 1024px) 100vw, 1024px\" \/>\t\t\t\t\t\t\t\t<\/a>\n\t\t\t\t\t\t\t\t\t\t\t\t\t\t\t<\/div>\n\t\t\t\t<\/div>\n\t\t\t\t<div class=\"elementor-element elementor-element-80bb39d ob-has-background-overlay elementor-widget elementor-widget-spacer\" data-id=\"80bb39d\" data-element_type=\"widget\" data-e-type=\"widget\" data-settings=\"{&quot;_ob_spacerat_use&quot;:&quot;no&quot;,&quot;_ob_widget_stalker_use&quot;:&quot;no&quot;,&quot;_ob_poopart_use&quot;:&quot;yes&quot;,&quot;_ob_shadough_use&quot;:&quot;no&quot;,&quot;_ob_allow_hoveranimator&quot;:&quot;no&quot;}\" data-widget_type=\"spacer.default\">\n\t\t\t\t<div class=\"elementor-widget-container\">\n\t\t\t\t\t\t\t<div class=\"elementor-spacer\">\n\t\t\t<div class=\"elementor-spacer-inner\"><\/div>\n\t\t<\/div>\n\t\t\t\t\t\t<\/div>\n\t\t\t\t<\/div>\n\t\t\t\t<div data-dce-title-color=\"#E1CD4E\" class=\"elementor-element elementor-element-8b3254e ob-harakiri-inherit ob-has-background-overlay elementor-widget elementor-widget-heading\" data-id=\"8b3254e\" data-element_type=\"widget\" data-e-type=\"widget\" data-settings=\"{&quot;_ob_use_harakiri&quot;:&quot;yes&quot;,&quot;_ob_harakiri_writing_mode&quot;:&quot;inherit&quot;,&quot;_ob_harakiri_text_clip&quot;:&quot;none&quot;,&quot;_ob_widget_stalker_use&quot;:&quot;no&quot;,&quot;_ob_poopart_use&quot;:&quot;yes&quot;,&quot;_ob_shadough_use&quot;:&quot;no&quot;,&quot;_ob_allow_hoveranimator&quot;:&quot;no&quot;}\" data-widget_type=\"heading.default\">\n\t\t\t\t<div class=\"elementor-widget-container\">\n\t\t\t\t\t<h2 class=\"elementor-heading-title elementor-size-default\">Gracias \u2014 Su solicitud de VTO ha sido enviada.<\/h2>\t\t\t\t<\/div>\n\t\t\t\t<\/div>\n\t\t\t\t<div class=\"elementor-element elementor-element-e3067a3 regtext ob-harakiri-inherit ob-has-background-overlay elementor-widget elementor-widget-text-editor\" data-id=\"e3067a3\" data-element_type=\"widget\" data-e-type=\"widget\" data-settings=\"{&quot;_ob_use_harakiri&quot;:&quot;yes&quot;,&quot;_ob_harakiri_writing_mode&quot;:&quot;inherit&quot;,&quot;_ob_postman_use&quot;:&quot;no&quot;,&quot;_ob_widget_stalker_use&quot;:&quot;no&quot;,&quot;_ob_poopart_use&quot;:&quot;yes&quot;,&quot;_ob_shadough_use&quot;:&quot;no&quot;,&quot;_ob_allow_hoveranimator&quot;:&quot;no&quot;}\" data-widget_type=\"text-editor.default\">\n\t\t\t\t<div class=\"elementor-widget-container\">\n\t\t\t\t\t\t\t\t\t<p>\u00a0<\/p><p>Gracias por ayudar a nuestra empresa a marcar la diferencia en las comunidades a las que servimos. Al enviar el formulario de verificaci\u00f3n de VTO, su equipo estar\u00e1 preparado no solo para hablar de ello, sino para ponerlo en pr\u00e1ctica.<\/p><p><b>\u00a0<\/b><\/p>\t\t\t\t\t\t\t\t<\/div>\n\t\t\t\t<\/div>\n\t\t<div class=\"elementor-element elementor-element-335cf8d e-con-full elementor-hidden-desktop elementor-hidden-tablet elementor-hidden-mobile e-flex e-con e-child\" data-id=\"335cf8d\" data-element_type=\"container\" data-e-type=\"container\" data-settings=\"{&quot;_ob_use_container_extras&quot;:&quot;no&quot;,&quot;_ob_column_hoveranimator&quot;:&quot;no&quot;,&quot;_ob_glider_is_slider&quot;:&quot;no&quot;,&quot;_ob_column_has_pseudo&quot;:&quot;no&quot;}\">\n\t\t\t\t<\/div>\n\t\t\t\t\t<\/div>\n\t\t\t\t<\/div>\n\t\t\t\t<\/div>","protected":false},"excerpt":{"rendered":"<p>Thank You \u2014 Your VTO Has Been Submitted \u00a0 Thank you for helping our enterprise make a difference in the communities we serve. By submitting a VTO verification form, your team is prepared to not just talk about it, but to Be About It. \u00a0<\/p>","protected":false},"author":1,"featured_media":0,"parent":0,"menu_order":0,"comment_status":"closed","ping_status":"closed","template":"elementor_header_footer","meta":{"_acf_changed":false,"_monsterinsights_skip_tracking":false,"_monsterinsights_sitenote_active":false,"_monsterinsights_sitenote_note":"","_monsterinsights_sitenote_category":0,"site-sidebar-layout":"no-sidebar","site-content-layout":"page-builder","ast-site-content-layout":"full-width-container","site-content-style":"default","site-sidebar-style":"default","ast-global-header-display":"","ast-banner-title-visibility":"","ast-main-header-display":"","ast-hfb-above-header-display":"","ast-hfb-below-header-display":"","ast-hfb-mobile-header-display":"","site-post-title":"disabled","ast-breadcrumbs-content":"","ast-featured-img":"disabled","footer-sml-layout":"","ast-disable-related-posts":"","theme-transparent-header-meta":"","adv-header-id-meta":"","stick-header-meta":"","header-above-stick-meta":"","header-main-stick-meta":"","header-below-stick-meta":"","astra-migrate-meta-layouts":"set","ast-page-background-enabled":"default","ast-page-background-meta":{"desktop":{"background-color":"var(--ast-global-color-4)","background-image":"","background-repeat":"repeat","background-position":"center center","background-size":"auto","background-attachment":"scroll","background-type":"","background-media":"","overlay-type":"","overlay-color":"","overlay-opacity":"","overlay-gradient":""},"tablet":{"background-color":"","background-image":"","background-repeat":"repeat","background-position":"center center","background-size":"auto","background-attachment":"scroll","background-type":"","background-media":"","overlay-type":"","overlay-color":"","overlay-opacity":"","overlay-gradient":""},"mobile":{"background-color":"","background-image":"","background-repeat":"repeat","background-position":"center center","background-size":"auto","background-attachment":"scroll","background-type":"","background-media":"","overlay-type":"","overlay-color":"","overlay-opacity":"","overlay-gradient":""}},"ast-content-background-meta":{"desktop":{"background-color":"var(--ast-global-color-5)","background-image":"","background-repeat":"repeat","background-position":"center center","background-size":"auto","background-attachment":"scroll","background-type":"","background-media":"","overlay-type":"","overlay-color":"","overlay-opacity":"","overlay-gradient":""},"tablet":{"background-color":"var(--ast-global-color-5)","background-image":"","background-repeat":"repeat","background-position":"center center","background-size":"auto","background-attachment":"scroll","background-type":"","background-media":"","overlay-type":"","overlay-color":"","overlay-opacity":"","overlay-gradient":""},"mobile":{"background-color":"var(--ast-global-color-5)","background-image":"","background-repeat":"repeat","background-position":"center center","background-size":"auto","background-attachment":"scroll","background-type":"","background-media":"","overlay-type":"","overlay-color":"","overlay-opacity":"","overlay-gradient":""}},"footnotes":""},"class_list":["post-14724","page","type-page","status-publish","hentry"],"acf":[],"yoast_head":"<!-- This site is optimized with the Yoast SEO plugin v27.4 - https:\/\/yoast.com\/product\/yoast-seo-wordpress\/ -->\n<title>VTO Thank You - Nox Group<\/title>\n<meta name=\"robots\" content=\"index, follow, max-snippet:-1, max-image-preview:large, max-video-preview:-1\" \/>\n<link rel=\"canonical\" href=\"https:\/\/noxgroup.us\/es\/vto-thank-you\/\" \/>\n<meta name=\"twitter:card\" content=\"summary_large_image\" \/>\n<meta name=\"twitter:title\" content=\"VTO Thank You - Nox Group\" \/>\n<meta name=\"twitter:description\" content=\"Thank You \u2014 Your VTO Has Been Submitted \u00a0 Thank you for helping our enterprise make a difference in the communities we serve. By submitting a VTO verification form, your team is prepared to not just talk about it, but to Be About It. \u00a0\" \/>\n<meta name=\"twitter:image\" content=\"https:\/\/noxgroup.us\/wp-content\/uploads\/2026\/02\/ng-new-ent-graphic.png\" \/>\n<meta name=\"twitter:label1\" content=\"Tiempo de lectura\" \/>\n\t<meta name=\"twitter:data1\" content=\"1 minuto\" \/>\n<!-- \/ Yoast SEO plugin. -->","yoast_head_json":{"title":"VTO Thank You - Nox Group","robots":{"index":"index","follow":"follow","max-snippet":"max-snippet:-1","max-image-preview":"max-image-preview:large","max-video-preview":"max-video-preview:-1"},"canonical":"https:\/\/noxgroup.us\/es\/vto-thank-you\/","twitter_card":"summary_large_image","twitter_title":"VTO Thank You - Nox Group","twitter_description":"Thank You \u2014 Your VTO Has Been Submitted \u00a0 Thank you for helping our enterprise make a difference in the communities we serve. By submitting a VTO verification form, your team is prepared to not just talk about it, but to Be About It. \u00a0","twitter_image":"https:\/\/noxgroup.us\/wp-content\/uploads\/2026\/02\/ng-new-ent-graphic.png","twitter_misc":{"Tiempo de lectura":"1 minuto"},"schema":{"@context":"https:\/\/schema.org","@graph":[{"@type":"WebPage","@id":"https:\/\/noxgroup.us\/vto-thank-you\/","url":"https:\/\/noxgroup.us\/vto-thank-you\/","name":"VTO Thank You - Nox Group","isPartOf":{"@id":"https:\/\/noxgroup.us\/#website"},"primaryImageOfPage":{"@id":"https:\/\/noxgroup.us\/vto-thank-you\/#primaryimage"},"image":{"@id":"https:\/\/noxgroup.us\/vto-thank-you\/#primaryimage"},"thumbnailUrl":"https:\/\/noxgroup.us\/wp-content\/uploads\/2026\/02\/ng-new-ent-graphic-1024x109.png","datePublished":"2026-03-18T18:34:08+00:00","dateModified":"2026-03-20T21:46:46+00:00","breadcrumb":{"@id":"https:\/\/noxgroup.us\/vto-thank-you\/#breadcrumb"},"inLanguage":"es","potentialAction":[{"@type":"ReadAction","target":["https:\/\/noxgroup.us\/vto-thank-you\/"]}]},{"@type":"ImageObject","inLanguage":"es","@id":"https:\/\/noxgroup.us\/vto-thank-you\/#primaryimage","url":"https:\/\/noxgroup.us\/wp-content\/uploads\/2026\/02\/ng-new-ent-graphic-1024x109.png","contentUrl":"https:\/\/noxgroup.us\/wp-content\/uploads\/2026\/02\/ng-new-ent-graphic-1024x109.png"},{"@type":"BreadcrumbList","@id":"https:\/\/noxgroup.us\/vto-thank-you\/#breadcrumb","itemListElement":[{"@type":"ListItem","position":1,"name":"Home","item":"https:\/\/noxgroup.us\/"},{"@type":"ListItem","position":2,"name":"VTO Thank You"}]},{"@type":"WebSite","@id":"https:\/\/noxgroup.us\/#website","url":"https:\/\/noxgroup.us\/","name":"Grupo Nox","description":"Humanizando la construcci\u00f3n","publisher":{"@id":"https:\/\/noxgroup.us\/#organization"},"potentialAction":[{"@type":"SearchAction","target":{"@type":"EntryPoint","urlTemplate":"https:\/\/noxgroup.us\/?s={search_term_string}"},"query-input":{"@type":"PropertyValueSpecification","valueRequired":true,"valueName":"search_term_string"}}],"inLanguage":"es"},{"@type":"Organization","@id":"https:\/\/noxgroup.us\/#organization","name":"Grupo Nox","url":"https:\/\/noxgroup.us\/","logo":{"@type":"ImageObject","inLanguage":"es","@id":"https:\/\/noxgroup.us\/#\/schema\/logo\/image\/","url":"https:\/\/noxgroup.us\/wp-content\/uploads\/2022\/01\/512.png","contentUrl":"https:\/\/noxgroup.us\/wp-content\/uploads\/2022\/01\/512.png","width":512,"height":512,"caption":"Nox Group"},"image":{"@id":"https:\/\/noxgroup.us\/#\/schema\/logo\/image\/"},"sameAs":["https:\/\/www.linkedin.com\/company\/nox-group-companies-llc"]}]}},"_links":{"self":[{"href":"https:\/\/noxgroup.us\/es\/wp-json\/wp\/v2\/pages\/14724","targetHints":{"allow":["GET"]}}],"collection":[{"href":"https:\/\/noxgroup.us\/es\/wp-json\/wp\/v2\/pages"}],"about":[{"href":"https:\/\/noxgroup.us\/es\/wp-json\/wp\/v2\/types\/page"}],"author":[{"embeddable":true,"href":"https:\/\/noxgroup.us\/es\/wp-json\/wp\/v2\/users\/1"}],"replies":[{"embeddable":true,"href":"https:\/\/noxgroup.us\/es\/wp-json\/wp\/v2\/comments?post=14724"}],"version-history":[{"count":13,"href":"https:\/\/noxgroup.us\/es\/wp-json\/wp\/v2\/pages\/14724\/revisions"}],"predecessor-version":[{"id":14789,"href":"https:\/\/noxgroup.us\/es\/wp-json\/wp\/v2\/pages\/14724\/revisions\/14789"}],"wp:attachment":[{"href":"https:\/\/noxgroup.us\/es\/wp-json\/wp\/v2\/media?parent=14724"}],"curies":[{"name":"gracias","href":"https:\/\/api.w.org\/{rel}","templated":true}]}}