{"id":11574,"date":"2025-05-12T17:45:18","date_gmt":"2025-05-12T17:45:18","guid":{"rendered":"https:\/\/noxgroup.us\/?page_id=11574"},"modified":"2025-08-06T15:37:14","modified_gmt":"2025-08-06T15:37:14","slug":"licenses","status":"publish","type":"page","link":"https:\/\/noxgroup.us\/es\/licenses\/","title":{"rendered":"Licencias"},"content":{"rendered":"<div data-elementor-type=\"wp-page\" data-elementor-id=\"11574\" class=\"elementor elementor-11574\" data-elementor-post-type=\"page\">\n\t\t\t\t<div data-dce-background-image-url=\"https:\/\/noxgroup.us\/wp-content\/uploads\/2023\/12\/transparent.png\" class=\"elementor-element elementor-element-ff0d5ef e-con-full e-flex e-con e-parent\" data-id=\"ff0d5ef\" data-element_type=\"container\" data-e-type=\"container\" data-settings=\"{&quot;background_background&quot;:&quot;classic&quot;,&quot;_ob_use_container_extras&quot;:&quot;no&quot;,&quot;_ob_column_hoveranimator&quot;:&quot;no&quot;,&quot;_ob_glider_is_slider&quot;:&quot;no&quot;,&quot;_ob_column_has_pseudo&quot;:&quot;no&quot;}\">\n\t\t<div class=\"elementor-element elementor-element-de2ddb4 e-con-full e-flex e-con e-child\" data-id=\"de2ddb4\" data-element_type=\"container\" data-e-type=\"container\" data-settings=\"{&quot;background_background&quot;:&quot;classic&quot;,&quot;_ob_use_container_extras&quot;:&quot;no&quot;,&quot;_ob_column_hoveranimator&quot;:&quot;no&quot;,&quot;_ob_glider_is_slider&quot;:&quot;no&quot;,&quot;_ob_column_has_pseudo&quot;:&quot;no&quot;}\">\n\t\t\t\t<div class=\"elementor-element elementor-element-4f2894d ob-has-background-overlay elementor-widget elementor-widget-image\" data-id=\"4f2894d\" data-element_type=\"widget\" data-e-type=\"widget\" data-settings=\"{&quot;_ob_photomorph_use&quot;:&quot;no&quot;,&quot;_ob_widget_stalker_use&quot;:&quot;no&quot;,&quot;_ob_poopart_use&quot;:&quot;yes&quot;,&quot;_ob_shadough_use&quot;:&quot;no&quot;,&quot;_ob_allow_hoveranimator&quot;:&quot;no&quot;}\" data-widget_type=\"image.default\">\n\t\t\t\t<div class=\"elementor-widget-container\">\n\t\t\t\t\t\t\t\t\t\t\t\t\t\t\t<img fetchpriority=\"high\" decoding=\"async\" width=\"600\" height=\"194\" src=\"https:\/\/noxgroup.us\/wp-content\/uploads\/2023\/05\/ng_logo_new.png\" class=\"attachment-large size-large wp-image-4079\" alt=\"Nox Group\" srcset=\"https:\/\/noxgroup.us\/wp-content\/uploads\/2023\/05\/ng_logo_new.png 600w, https:\/\/noxgroup.us\/wp-content\/uploads\/2023\/05\/ng_logo_new-300x97.png 300w\" sizes=\"(max-width: 600px) 100vw, 600px\" \/>\t\t\t\t\t\t\t\t\t\t\t\t\t\t\t<\/div>\n\t\t\t\t<\/div>\n\t\t\t\t<div class=\"elementor-element elementor-element-51c7618 ob-has-background-overlay elementor-widget elementor-widget-spacer\" data-id=\"51c7618\" data-element_type=\"widget\" data-e-type=\"widget\" data-settings=\"{&quot;_ob_spacerat_use&quot;:&quot;no&quot;,&quot;_ob_widget_stalker_use&quot;:&quot;no&quot;,&quot;_ob_poopart_use&quot;:&quot;yes&quot;,&quot;_ob_shadough_use&quot;:&quot;no&quot;,&quot;_ob_allow_hoveranimator&quot;:&quot;no&quot;}\" data-widget_type=\"spacer.default\">\n\t\t\t\t<div class=\"elementor-widget-container\">\n\t\t\t\t\t\t\t<div class=\"elementor-spacer\">\n\t\t\t<div class=\"elementor-spacer-inner\"><\/div>\n\t\t<\/div>\n\t\t\t\t\t\t<\/div>\n\t\t\t\t<\/div>\n\t\t\t\t<\/div>\n\t\t<div class=\"elementor-element elementor-element-7af9fec e-flex e-con-boxed e-con e-child\" data-id=\"7af9fec\" data-element_type=\"container\" data-e-type=\"container\" data-settings=\"{&quot;background_background&quot;:&quot;classic&quot;,&quot;_ob_use_container_extras&quot;:&quot;no&quot;,&quot;_ob_column_hoveranimator&quot;:&quot;no&quot;,&quot;_ob_glider_is_slider&quot;:&quot;no&quot;,&quot;_ob_column_has_pseudo&quot;:&quot;no&quot;}\">\n\t\t\t\t\t<div class=\"e-con-inner\">\n\t\t\t\t<div class=\"elementor-element elementor-element-9321e57 ob-has-background-overlay elementor-widget elementor-widget-image\" data-id=\"9321e57\" data-element_type=\"widget\" data-e-type=\"widget\" data-settings=\"{&quot;_ob_photomorph_use&quot;:&quot;no&quot;,&quot;_ob_widget_stalker_use&quot;:&quot;no&quot;,&quot;_ob_poopart_use&quot;:&quot;yes&quot;,&quot;_ob_shadough_use&quot;:&quot;no&quot;,&quot;_ob_allow_hoveranimator&quot;:&quot;no&quot;}\" data-widget_type=\"image.default\">\n\t\t\t\t<div class=\"elementor-widget-container\">\n\t\t\t\t\t\t\t\t\t\t\t\t\t\t\t<img decoding=\"async\" width=\"342\" height=\"50\" src=\"https:\/\/noxgroup.us\/wp-content\/uploads\/2024\/06\/title_ng_opco_med2-1.png\" class=\"attachment-full size-full wp-image-6179\" alt=\"\" srcset=\"https:\/\/noxgroup.us\/wp-content\/uploads\/2024\/06\/title_ng_opco_med2-1.png 342w, https:\/\/noxgroup.us\/wp-content\/uploads\/2024\/06\/title_ng_opco_med2-1-300x44.png 300w\" sizes=\"(max-width: 342px) 100vw, 342px\" \/>\t\t\t\t\t\t\t\t\t\t\t\t\t\t\t<\/div>\n\t\t\t\t<\/div>\n\t\t\t\t<div class=\"elementor-element elementor-element-22f0186 ob-has-background-overlay elementor-widget elementor-widget-image\" data-id=\"22f0186\" data-element_type=\"widget\" data-e-type=\"widget\" data-settings=\"{&quot;_ob_photomorph_use&quot;:&quot;no&quot;,&quot;_ob_widget_stalker_use&quot;:&quot;no&quot;,&quot;_ob_poopart_use&quot;:&quot;yes&quot;,&quot;_ob_shadough_use&quot;:&quot;no&quot;,&quot;_ob_allow_hoveranimator&quot;:&quot;no&quot;}\" data-widget_type=\"image.default\">\n\t\t\t\t<div class=\"elementor-widget-container\">\n\t\t\t\t\t\t\t\t\t\t\t\t\t\t\t<img decoding=\"async\" width=\"2661\" height=\"680\" src=\"https:\/\/noxgroup.us\/wp-content\/uploads\/2024\/06\/ng_ent_graphic4.png\" class=\"attachment-full size-full wp-image-7264\" alt=\"\" srcset=\"https:\/\/noxgroup.us\/wp-content\/uploads\/2024\/06\/ng_ent_graphic4.png 2661w, https:\/\/noxgroup.us\/wp-content\/uploads\/2024\/06\/ng_ent_graphic4-300x77.png 300w, https:\/\/noxgroup.us\/wp-content\/uploads\/2024\/06\/ng_ent_graphic4-1024x262.png 1024w, https:\/\/noxgroup.us\/wp-content\/uploads\/2024\/06\/ng_ent_graphic4-768x196.png 768w, https:\/\/noxgroup.us\/wp-content\/uploads\/2024\/06\/ng_ent_graphic4-1536x393.png 1536w, https:\/\/noxgroup.us\/wp-content\/uploads\/2024\/06\/ng_ent_graphic4-2048x523.png 2048w\" sizes=\"(max-width: 2661px) 100vw, 2661px\" \/>\t\t\t\t\t\t\t\t\t\t\t\t\t\t\t<\/div>\n\t\t\t\t<\/div>\n\t\t\t\t\t<\/div>\n\t\t\t\t<\/div>\n\t\t\t\t<\/div>\n\t\t<div class=\"elementor-element elementor-element-d395cfe e-flex e-con-boxed e-con e-child\" data-id=\"d395cfe\" data-element_type=\"container\" data-e-type=\"container\" data-settings=\"{&quot;background_background&quot;:&quot;classic&quot;,&quot;animation&quot;:&quot;none&quot;,&quot;_ob_use_container_extras&quot;:&quot;no&quot;,&quot;_ob_column_hoveranimator&quot;:&quot;no&quot;,&quot;_ob_glider_is_slider&quot;:&quot;no&quot;,&quot;_ob_column_has_pseudo&quot;:&quot;no&quot;}\">\n\t\t\t\t\t<div class=\"e-con-inner\">\n\t\t<div data-dce-background-color=\"#000000A1\" class=\"elementor-element elementor-element-c51e06a e-con-full e-flex e-con e-child\" data-id=\"c51e06a\" data-element_type=\"container\" data-e-type=\"container\" data-settings=\"{&quot;background_background&quot;:&quot;classic&quot;,&quot;animation&quot;:&quot;none&quot;,&quot;_ob_use_container_extras&quot;:&quot;no&quot;,&quot;_ob_column_hoveranimator&quot;:&quot;no&quot;,&quot;_ob_glider_is_slider&quot;:&quot;no&quot;,&quot;_ob_column_has_pseudo&quot;:&quot;no&quot;}\">\n\t\t<div class=\"elementor-element elementor-element-f42453f e-con-full e-flex e-con e-child\" data-id=\"f42453f\" data-element_type=\"container\" data-e-type=\"container\" data-settings=\"{&quot;_ob_use_container_extras&quot;:&quot;no&quot;,&quot;_ob_column_hoveranimator&quot;:&quot;no&quot;,&quot;_ob_glider_is_slider&quot;:&quot;no&quot;,&quot;_ob_column_has_pseudo&quot;:&quot;no&quot;}\">\n\t\t\t\t<div class=\"elementor-element elementor-element-d36cf4a ob-harakiri-inherit ob-has-background-overlay elementor-widget elementor-widget-heading\" data-id=\"d36cf4a\" data-element_type=\"widget\" data-e-type=\"widget\" data-settings=\"{&quot;_ob_use_harakiri&quot;:&quot;yes&quot;,&quot;_ob_harakiri_writing_mode&quot;:&quot;inherit&quot;,&quot;_ob_harakiri_text_clip&quot;:&quot;none&quot;,&quot;_ob_widget_stalker_use&quot;:&quot;no&quot;,&quot;_ob_poopart_use&quot;:&quot;yes&quot;,&quot;_ob_shadough_use&quot;:&quot;no&quot;,&quot;_ob_allow_hoveranimator&quot;:&quot;no&quot;}\" data-widget_type=\"heading.default\">\n\t\t\t\t<div class=\"elementor-widget-container\">\n\t\t\t\t\t<h2 class=\"elementor-heading-title elementor-size-default\">N\u00fameros de licencia estatales<\/h2>\t\t\t\t<\/div>\n\t\t\t\t<\/div>\n\t\t\t\t<div class=\"elementor-element elementor-element-73eda8a licensearea ob-has-background-overlay elementor-widget elementor-widget-html\" data-id=\"73eda8a\" data-element_type=\"widget\" data-e-type=\"widget\" data-settings=\"{&quot;_ob_widget_stalker_use&quot;:&quot;no&quot;,&quot;_ob_poopart_use&quot;:&quot;yes&quot;,&quot;_ob_shadough_use&quot;:&quot;no&quot;,&quot;_ob_allow_hoveranimator&quot;:&quot;no&quot;}\" data-widget_type=\"html.default\">\n\t\t\t\t<div class=\"elementor-widget-container\">\n\t\t\t\t\t\r\n<!--dropdown menu-->\r\n<select id=\"size_select\" class=\"license_form\">\r\n  <option value=\"option1\" class=\"pointer\">Arizona<\/option>\r\n  <option value=\"option2\">Nuevo M\u00e9jico<\/option>\r\n  <option value=\"option3\">Nevada<\/option>\r\n  <option value=\"option4\">Texas<\/option>\r\n  <option>------------<\/option>\r\n<option class=\"grey\">Alabama<\/option>\r\n<option class=\"grey\">Alaska<\/option>\r\n<option class=\"grey\">Arkansas<\/option>\r\n<option class=\"grey\">California<\/option>\r\n<option class=\"grey\">Colorado<\/option>\r\n<option class=\"grey\">Connecticut<\/option>\r\n<option class=\"grey\">Delaware<\/option>\r\n<option class=\"grey\">Florida<\/option>\r\n<option class=\"grey\">Georgia<\/option>\r\n<option class=\"grey\">Hawai<\/option>\r\n<option class=\"grey\">Idaho<\/option>\r\n<option class=\"grey\">Illinois<\/option>\r\n<option class=\"grey\">Indiana<\/option>\r\n<option class=\"grey\">Iowa<\/option>\r\n<option class=\"grey\">Kansas<\/option>\r\n<option class=\"grey\">Kentucky<\/option>\r\n<option class=\"grey\">Luisiana<\/option>\r\n<option class=\"grey\">Maine<\/option>\r\n<option class=\"grey\">Maryland<\/option>\r\n<option class=\"grey\">Massachusetts<\/option>\r\n<option class=\"grey\">Michigan<\/option>\r\n<option class=\"grey\">Minnesota<\/option>\r\n<option class=\"grey\">Misisip\u00ed<\/option>\r\n<option class=\"grey\">Misuri<\/option>\r\n<option class=\"grey\">Montana<\/option>\r\n<option class=\"grey\">Nebraska<\/option>\r\n<option class=\"grey\">Nuevo Hampshire<\/option>\r\n<option class=\"grey\">Nueva Jersey<\/option>\r\n<option class=\"grey\">Nueva York<\/option>\r\n<option class=\"grey\">Carolina del Norte<\/option>\r\n<option class=\"grey\">Dakota del Norte<\/option>\r\n<option class=\"grey\">Ohio<\/option>\r\n<option class=\"grey\">Oklahoma<\/option>\r\n<option class=\"grey\">Oreg\u00f3n<\/option>\r\n<option class=\"grey\">Pensilvania\r\n<option class=\"grey\">Rhode Island<\/option>\r\n<option class=\"grey\">Carolina del Sur<\/option>\r\n<option class=\"grey\">Dakota del Sur<\/option>\r\n<option class=\"grey\">Tennesse<\/option>\r\n<option class=\"grey\">Utah<\/option>\r\n<option class=\"grey\">Vermont<\/option>\r\n<option class=\"grey\">Virginia<\/option>\r\n<option class=\"grey\">Washington<\/option>\r\n<option class=\"grey\">Virginia Occidental<\/option>\r\n<option class=\"grey\">Wisconsin<\/option>\r\n<option class=\"grey\">Wyoming<\/option>\r\n <!-- <option value=\"option5\">Tennessee<\/option>\r\n  <option value=\"option6\">California<\/option>-->\r\n<\/select>\r\n\r\n<!--dropdown content-->\r\n<div id=\"option1\" class=\"size_chart\">\r\n    <ul>\r\n<li>Contratista de Arizona Clase A Ingenier\u00eda General ROC 347749<\/li>\r\n  <li>AZ Clase CR-11 El\u00e9ctrico 158423<\/li>\r\n  <li>L\u00edneas el\u00e9ctricas y de transmisi\u00f3n de clase A-17 de Arizona 158422<\/li>\r\n <li>Ingenier\u00eda general clase A de AZ 299708<\/li>\r\n <\/ul>\r\n<\/div>\r\n<div id=\"option2\" class=\"size_chart\">\r\n  <ul>\r\n<li>Contratista de NM Clase GB98 411959<\/li>\r\n  <li>Contratista de NM Clase GF04 411959<\/li>\r\n  <li>Contratista de NM Clase GF05 411959<\/li>\r\n  <li>Contratista de NM Clase GF07 411959<\/li>\r\n  <li>Contratista de NM Clase GF08 411959<\/li>\r\n  <li>Contratista de NM Clase GF09 411959<\/li>\r\n  <li>Contratista de NM Clase GF06 411959<\/li>\r\n  <li>Clase Mec\u00e1nica NM MM98 411959<\/li>\r\n  <li>Clase NM EE98 86504<\/li>\r\n  <li>Clase NM EL01 86504<\/li>\r\n <\/ul>\r\n<\/div>\r\n<div id=\"option3\" class=\"size_chart\">\r\n  <ul>\r\n<li>Ingenier\u00eda general NV Clase A 0094208<\/li>\r\n  <li>NV C-2 El\u00e9ctrico 0093199<\/li>\r\n <\/ul>\r\n<\/div>\r\n<div id=\"option4\" class=\"size_chart\">\r\n  <ul>\r\n<li>Contratista el\u00e9ctrico de TX 36017<\/li>\r\n  <li>Maestro electricista de TX 531095<\/li>\r\n <\/ul>\r\n<\/div>\r\n<!--<div id=\"option5\" class=\"size_chart\">\r\n  Tennessee\r\n<\/div>\r\n<div id=\"option6\" class=\"size_chart\">\r\n  California\r\n<\/div> -->\r\n\r\n\r\n <script src='\/\/cdnjs.cloudflare.com\/ajax\/libs\/jquery\/2.1.3\/jquery.min.js'><\/script>\t\t\t\t<\/div>\n\t\t\t\t<\/div>\n\t\t\t\t<\/div>\n\t\t\t\t<\/div>\n\t\t\t\t\t<\/div>\n\t\t\t\t<\/div>\n\t\t\t\t<\/div>","protected":false},"excerpt":{"rendered":"<p>State License Numbers ArizonaNew MexicoNevadaTexas&#8212;&#8212;&#8212;&#8212;AlabamaAlaskaArkansasCaliforniaColoradoConnecticutDelawareFloridaGeorgiaHawaiiIdahoIllinoisIndianaIowaKansasKentuckyLouisianaMaineMarylandMassachusettsMichiganMinnesotaMississippiMissouriMontanaNebraskaNew HampshireNew JerseyNew YorkNorth CarolinaNorth DakotaOhioOklahomaOregonPennsylvaniaRhode IslandSouth CarolinaSouth DakotaTennesseeUtahVermontVirginiaWashingtonWest VirginiaWisconsinWyoming AZ Contractor Class A General Engineering ROC 347749 AZ Class CR-11 Electrical 158423 AZ Class A-17 Electrical and Transmission Lines 158422 AZ Class A General Engineering 299708 NM Contractor Class GB98 411959 NM Contractor Class GF04 411959 NM Contractor Class GF05 [&hellip;]<\/p>\n","protected":false},"author":1,"featured_media":11777,"parent":0,"menu_order":0,"comment_status":"closed","ping_status":"closed","template":"elementor_header_footer","meta":{"_acf_changed":false,"_monsterinsights_skip_tracking":false,"_monsterinsights_sitenote_active":false,"_monsterinsights_sitenote_note":"","_monsterinsights_sitenote_category":0,"site-sidebar-layout":"no-sidebar","site-content-layout":"page-builder","ast-site-content-layout":"full-width-container","site-content-style":"default","site-sidebar-style":"default","ast-global-header-display":"","ast-banner-title-visibility":"","ast-main-header-display":"","ast-hfb-above-header-display":"","ast-hfb-below-header-display":"","ast-hfb-mobile-header-display":"","site-post-title":"disabled","ast-breadcrumbs-content":"","ast-featured-img":"disabled","footer-sml-layout":"","ast-disable-related-posts":"","theme-transparent-header-meta":"","adv-header-id-meta":"","stick-header-meta":"","header-above-stick-meta":"","header-main-stick-meta":"","header-below-stick-meta":"","astra-migrate-meta-layouts":"set","ast-page-background-enabled":"default","ast-page-background-meta":{"desktop":{"background-color":"var(--ast-global-color-4)","background-image":"","background-repeat":"repeat","background-position":"center center","background-size":"auto","background-attachment":"scroll","background-type":"","background-media":"","overlay-type":"","overlay-color":"","overlay-opacity":"","overlay-gradient":""},"tablet":{"background-color":"","background-image":"","background-repeat":"repeat","background-position":"center center","background-size":"auto","background-attachment":"scroll","background-type":"","background-media":"","overlay-type":"","overlay-color":"","overlay-opacity":"","overlay-gradient":""},"mobile":{"background-color":"","background-image":"","background-repeat":"repeat","background-position":"center center","background-size":"auto","background-attachment":"scroll","background-type":"","background-media":"","overlay-type":"","overlay-color":"","overlay-opacity":"","overlay-gradient":""}},"ast-content-background-meta":{"desktop":{"background-color":"var(--ast-global-color-5)","background-image":"","background-repeat":"repeat","background-position":"center center","background-size":"auto","background-attachment":"scroll","background-type":"","background-media":"","overlay-type":"","overlay-color":"","overlay-opacity":"","overlay-gradient":""},"tablet":{"background-color":"var(--ast-global-color-5)","background-image":"","background-repeat":"repeat","background-position":"center center","background-size":"auto","background-attachment":"scroll","background-type":"","background-media":"","overlay-type":"","overlay-color":"","overlay-opacity":"","overlay-gradient":""},"mobile":{"background-color":"var(--ast-global-color-5)","background-image":"","background-repeat":"repeat","background-position":"center center","background-size":"auto","background-attachment":"scroll","background-type":"","background-media":"","overlay-type":"","overlay-color":"","overlay-opacity":"","overlay-gradient":""}},"footnotes":""},"class_list":["post-11574","page","type-page","status-publish","has-post-thumbnail","hentry"],"acf":[],"yoast_head":"<!-- This site is optimized with the Yoast SEO plugin v27.1.1 - https:\/\/yoast.com\/product\/yoast-seo-wordpress\/ -->\n<title>Licenses - Nox Group<\/title>\n<meta name=\"robots\" content=\"index, follow, max-snippet:-1, max-image-preview:large, max-video-preview:-1\" \/>\n<link rel=\"canonical\" href=\"https:\/\/noxgroup.us\/es\/licenses\/\" \/>\n<meta name=\"twitter:card\" content=\"summary_large_image\" \/>\n<meta name=\"twitter:title\" content=\"Licenses - Nox Group\" \/>\n<meta name=\"twitter:description\" content=\"State License Numbers ArizonaNew MexicoNevadaTexas&#8212;&#8212;&#8212;&#8212;AlabamaAlaskaArkansasCaliforniaColoradoConnecticutDelawareFloridaGeorgiaHawaiiIdahoIllinoisIndianaIowaKansasKentuckyLouisianaMaineMarylandMassachusettsMichiganMinnesotaMississippiMissouriMontanaNebraskaNew HampshireNew JerseyNew YorkNorth CarolinaNorth DakotaOhioOklahomaOregonPennsylvaniaRhode IslandSouth CarolinaSouth DakotaTennesseeUtahVermontVirginiaWashingtonWest VirginiaWisconsinWyoming AZ Contractor Class A General Engineering ROC 347749 AZ Class CR-11 Electrical 158423 AZ Class A-17 Electrical and Transmission Lines 158422 AZ Class A General Engineering 299708 NM Contractor Class GB98 411959 NM Contractor Class GF04 411959 NM Contractor Class GF05 [&hellip;]\" \/>\n<meta name=\"twitter:image\" content=\"https:\/\/noxgroup.us\/wp-content\/uploads\/2025\/05\/licenses_screenshot.webp\" \/>\n<meta name=\"twitter:label1\" content=\"Tiempo de lectura\" \/>\n\t<meta name=\"twitter:data1\" content=\"2 minutos\" \/>\n<!-- \/ Yoast SEO plugin. -->","yoast_head_json":{"title":"Licencias - Grupo Nox","robots":{"index":"index","follow":"follow","max-snippet":"max-snippet:-1","max-image-preview":"max-image-preview:large","max-video-preview":"max-video-preview:-1"},"canonical":"https:\/\/noxgroup.us\/es\/licenses\/","twitter_card":"summary_large_image","twitter_title":"Licenses - Nox Group","twitter_description":"State License Numbers ArizonaNew MexicoNevadaTexas&#8212;&#8212;&#8212;&#8212;AlabamaAlaskaArkansasCaliforniaColoradoConnecticutDelawareFloridaGeorgiaHawaiiIdahoIllinoisIndianaIowaKansasKentuckyLouisianaMaineMarylandMassachusettsMichiganMinnesotaMississippiMissouriMontanaNebraskaNew HampshireNew JerseyNew YorkNorth CarolinaNorth DakotaOhioOklahomaOregonPennsylvaniaRhode IslandSouth CarolinaSouth DakotaTennesseeUtahVermontVirginiaWashingtonWest VirginiaWisconsinWyoming AZ Contractor Class A General Engineering ROC 347749 AZ Class CR-11 Electrical 158423 AZ Class A-17 Electrical and Transmission Lines 158422 AZ Class A General Engineering 299708 NM Contractor Class GB98 411959 NM Contractor Class GF04 411959 NM Contractor Class GF05 [&hellip;]","twitter_image":"https:\/\/noxgroup.us\/wp-content\/uploads\/2025\/05\/licenses_screenshot.webp","twitter_misc":{"Tiempo de lectura":"2 minutos"},"schema":{"@context":"https:\/\/schema.org","@graph":[{"@type":"WebPage","@id":"https:\/\/noxgroup.us\/licenses\/","url":"https:\/\/noxgroup.us\/licenses\/","name":"Licencias - Grupo Nox","isPartOf":{"@id":"https:\/\/noxgroup.us\/#website"},"primaryImageOfPage":{"@id":"https:\/\/noxgroup.us\/licenses\/#primaryimage"},"image":{"@id":"https:\/\/noxgroup.us\/licenses\/#primaryimage"},"thumbnailUrl":"https:\/\/noxgroup.us\/wp-content\/uploads\/2025\/05\/licenses_screenshot.webp","datePublished":"2025-05-12T17:45:18+00:00","dateModified":"2025-08-06T15:37:14+00:00","breadcrumb":{"@id":"https:\/\/noxgroup.us\/licenses\/#breadcrumb"},"inLanguage":"es","potentialAction":[{"@type":"ReadAction","target":["https:\/\/noxgroup.us\/licenses\/"]}]},{"@type":"ImageObject","inLanguage":"es","@id":"https:\/\/noxgroup.us\/licenses\/#primaryimage","url":"https:\/\/noxgroup.us\/wp-content\/uploads\/2025\/05\/licenses_screenshot.webp","contentUrl":"https:\/\/noxgroup.us\/wp-content\/uploads\/2025\/05\/licenses_screenshot.webp","width":2046,"height":1272},{"@type":"BreadcrumbList","@id":"https:\/\/noxgroup.us\/licenses\/#breadcrumb","itemListElement":[{"@type":"ListItem","position":1,"name":"Home","item":"https:\/\/noxgroup.us\/"},{"@type":"ListItem","position":2,"name":"Licenses"}]},{"@type":"WebSite","@id":"https:\/\/noxgroup.us\/#website","url":"https:\/\/noxgroup.us\/","name":"Grupo Nox","description":"Humanizando la construcci\u00f3n","publisher":{"@id":"https:\/\/noxgroup.us\/#organization"},"potentialAction":[{"@type":"SearchAction","target":{"@type":"EntryPoint","urlTemplate":"https:\/\/noxgroup.us\/?s={search_term_string}"},"query-input":{"@type":"PropertyValueSpecification","valueRequired":true,"valueName":"search_term_string"}}],"inLanguage":"es"},{"@type":"Organization","@id":"https:\/\/noxgroup.us\/#organization","name":"Grupo Nox","url":"https:\/\/noxgroup.us\/","logo":{"@type":"ImageObject","inLanguage":"es","@id":"https:\/\/noxgroup.us\/#\/schema\/logo\/image\/","url":"https:\/\/noxgroup.us\/wp-content\/uploads\/2022\/01\/512.png","contentUrl":"https:\/\/noxgroup.us\/wp-content\/uploads\/2022\/01\/512.png","width":512,"height":512,"caption":"Nox Group"},"image":{"@id":"https:\/\/noxgroup.us\/#\/schema\/logo\/image\/"},"sameAs":["https:\/\/www.linkedin.com\/company\/nox-group-companies-llc"]}]}},"_links":{"self":[{"href":"https:\/\/noxgroup.us\/es\/wp-json\/wp\/v2\/pages\/11574","targetHints":{"allow":["GET"]}}],"collection":[{"href":"https:\/\/noxgroup.us\/es\/wp-json\/wp\/v2\/pages"}],"about":[{"href":"https:\/\/noxgroup.us\/es\/wp-json\/wp\/v2\/types\/page"}],"author":[{"embeddable":true,"href":"https:\/\/noxgroup.us\/es\/wp-json\/wp\/v2\/users\/1"}],"replies":[{"embeddable":true,"href":"https:\/\/noxgroup.us\/es\/wp-json\/wp\/v2\/comments?post=11574"}],"version-history":[{"count":199,"href":"https:\/\/noxgroup.us\/es\/wp-json\/wp\/v2\/pages\/11574\/revisions"}],"predecessor-version":[{"id":13168,"href":"https:\/\/noxgroup.us\/es\/wp-json\/wp\/v2\/pages\/11574\/revisions\/13168"}],"wp:featuredmedia":[{"embeddable":true,"href":"https:\/\/noxgroup.us\/es\/wp-json\/wp\/v2\/media\/11777"}],"wp:attachment":[{"href":"https:\/\/noxgroup.us\/es\/wp-json\/wp\/v2\/media?parent=11574"}],"curies":[{"name":"gracias","href":"https:\/\/api.w.org\/{rel}","templated":true}]}}